{"id":6668,"date":"2025-08-14T19:55:58","date_gmt":"2025-08-14T19:55:58","guid":{"rendered":"https:\/\/yimamedical.com\/productos\/?post_type=product&#038;p=6668"},"modified":"2025-09-05T18:35:57","modified_gmt":"2025-09-05T18:35:57","slug":"trocar-laparoscopico-desechable","status":"publish","type":"product","link":"https:\/\/yimamedical.com\/productos\/product\/trocar-laparoscopico-desechable\/","title":{"rendered":"Trocar laparosc\u00f3pico desechable"},"content":{"rendered":"<p><strong>Descripci\u00f3n del Producto:<\/strong><\/p>\n<p>El trocar laparosc\u00f3pico desechable en la cirug\u00eda laparosc\u00f3pica es penetrar en el grosor completo de la pared abdominal, establece un canal entre el mundo exterior y la cavidad abdominal, y permite que los instrumentos quir\u00fargicos ingresen a la cavidad abdominal mediante un manguito de trocar desechable sin sentido para completar el proceso quir\u00fargico y Lograr el mismo prop\u00f3sito que la cirug\u00eda abierta tradicional.<\/p>\n<p><strong>Caracter\u00edsticas del producto:<\/strong><\/p>\n<ul>\n<li>Cuatro sello de v\u00e1lvula: no es necesario usar un convertidor para cambiar los instrumentos como un calibre diferente.<\/li>\n<li>La mitad \/ C\u00e1nula espiral completa: la velocidad y la profundidad de China El conjunto de trocar laparosc\u00f3pico desechable que ingresa a la cavidad abdominal es controlable. La pared abdominal est\u00e1 firmemente fija y evita el da\u00f1o a los \u00f3rganos internos.<\/li>\n<li>El \u00e1rea grande de la gu\u00eda de apuntar con, que es conveniente para el trocar \u00f3ptico desechable para ingresar al canal de trabajo cuando se opera el instrumento con una mano.<\/li>\n<li>Los trocares de 10 mm y 12 mm se pueden girar f\u00e1cilmente y separarse para la eliminaci\u00f3n de muestras f\u00e1cilmente.<\/li>\n<li>Dispositivo transl\u00facido, que es conveniente para observar dentro y fuera de los instrumentos y la eliminaci\u00f3n de espec\u00edmenes.<img decoding=\"async\" src=\"https:\/\/es.doublemedicalgp.com\/js\/htmledit\/kindeditor\/attached\/20210519\/20210519153652_25668.jpg\" alt=\"\" \/><img decoding=\"async\" src=\"https:\/\/es.doublemedicalgp.com\/js\/htmledit\/kindeditor\/attached\/20210519\/20210519153709_32268.jpg\" alt=\"\" \/><\/li>\n<\/ul>\n<div><\/div>\n","protected":false},"excerpt":{"rendered":"<div class=\"main\">El prop\u00f3sito principal del trocar laparosc\u00f3pico desechable en la cirug\u00eda laparosc\u00f3pica es penetrar en el espesor completo de la pared abdominal, establecer un canal entre el mundo exterior y la cavidad abdominal, y permite que los instrumentos quir\u00fargicos ingresen a la cavidad abdominal a trav\u00e9s del manguito de trocar para completar elProceso quir\u00fargico y lograr lo mismo que el prop\u00f3sito tradicional de cirug\u00eda abierta.<\/div>\n<div class=\"pro-table clearfix\"><\/div>\n<div class=\"mobile_inquiry clearfix\"><\/div>\n","protected":false},"featured_media":6669,"comment_status":"open","ping_status":"closed","template":"","meta":[],"product_brand":[],"product_cat":[68],"product_tag":[],"class_list":{"0":"post-6668","1":"product","2":"type-product","3":"status-publish","4":"has-post-thumbnail","6":"product_cat-cirugia-general","8":"first","9":"instock","10":"shipping-taxable","11":"product-type-simple"},"_links":{"self":[{"href":"https:\/\/yimamedical.com\/productos\/wp-json\/wp\/v2\/product\/6668","targetHints":{"allow":["GET"]}}],"collection":[{"href":"https:\/\/yimamedical.com\/productos\/wp-json\/wp\/v2\/product"}],"about":[{"href":"https:\/\/yimamedical.com\/productos\/wp-json\/wp\/v2\/types\/product"}],"replies":[{"embeddable":true,"href":"https:\/\/yimamedical.com\/productos\/wp-json\/wp\/v2\/comments?post=6668"}],"wp:featuredmedia":[{"embeddable":true,"href":"https:\/\/yimamedical.com\/productos\/wp-json\/wp\/v2\/media\/6669"}],"wp:attachment":[{"href":"https:\/\/yimamedical.com\/productos\/wp-json\/wp\/v2\/media?parent=6668"}],"wp:term":[{"taxonomy":"product_brand","embeddable":true,"href":"https:\/\/yimamedical.com\/productos\/wp-json\/wp\/v2\/product_brand?post=6668"},{"taxonomy":"product_cat","embeddable":true,"href":"https:\/\/yimamedical.com\/productos\/wp-json\/wp\/v2\/product_cat?post=6668"},{"taxonomy":"product_tag","embeddable":true,"href":"https:\/\/yimamedical.com\/productos\/wp-json\/wp\/v2\/product_tag?post=6668"}],"curies":[{"name":"wp","href":"https:\/\/api.w.org\/{rel}","templated":true}]}}