{"id":6682,"date":"2025-08-14T21:58:25","date_gmt":"2025-08-14T21:58:25","guid":{"rendered":"https:\/\/yimamedical.com\/productos\/?post_type=product&#038;p=6682"},"modified":"2025-09-05T18:32:04","modified_gmt":"2025-09-05T18:32:04","slug":"implante-autorroscante-con-conicidad-hexagonal-dm-ii","status":"publish","type":"product","link":"https:\/\/yimamedical.com\/productos\/product\/implante-autorroscante-con-conicidad-hexagonal-dm-ii\/","title":{"rendered":"Implante Autorroscante con Conicidad Hexagonal DM II"},"content":{"rendered":"<p><img decoding=\"async\" src=\"https:\/\/es.doublemedicalgp.com\/js\/htmledit\/kindeditor\/attached\/20200824\/20200824161215_80687.jpg\" alt=\"\" \/><\/p>\n<p><strong><u>caracteristicas:<\/u><\/strong><\/p>\n<ul>\n<li>Dise\u00f1o de hilo conductor doble &#8211; Garantice una mayor velocidad de inserci\u00f3n y optimice la experiencia quir\u00fargica.<\/li>\n<li>Cuerpo ligeramente c\u00f3nico &#8211; Logra la compresi\u00f3n \u00f3sea.<\/li>\n<li>110 um Surco &#8211; Incrementar 30 % de la eficiencia de osteointegraci\u00f3n.<\/li>\n<li>Dise\u00f1o coronal c\u00f3nico invertido &#8211; Maximiza la retenci\u00f3n de tejidos blandos y duros.<\/li>\n<li>T\u00e9cnica de tratamiento de superficies SLA patentada &#8211; Proyecto de Investigaci\u00f3n de la Universidad de la Industria y Patente de Invenci\u00f3n Nacional.<\/li>\n<li>Reverso &#8211; flautas de corte &#8211; Permita que los m\u00e9dicos ajusten la posici\u00f3n del implante durante la colocaci\u00f3n.<\/li>\n<\/ul>\n<p><strong><u>Indicaciones:<\/u><\/strong><\/p>\n<ul>\n<li>Edentulismo parcial<\/li>\n<li>Edentulismo total<\/li>\n<\/ul>\n","protected":false},"excerpt":{"rendered":"<p>El DM Sistema de Driving est\u00e1 compuesto por implantes dentales y accesorios para implantes. El implante TA4 de titanio puro con la superficie tratada con grabado \u00e1cido y chorro de arena forma una osteointegraci\u00f3n estable.<\/p>\n","protected":false},"featured_media":6683,"comment_status":"open","ping_status":"closed","template":"","meta":[],"product_brand":[],"product_cat":[86],"product_tag":[100],"class_list":{"0":"post-6682","1":"product","2":"type-product","3":"status-publish","4":"has-post-thumbnail","6":"product_cat-material-dental","7":"product_tag-dmd-implant-system","9":"first","10":"instock","11":"shipping-taxable","12":"product-type-simple"},"_links":{"self":[{"href":"https:\/\/yimamedical.com\/productos\/wp-json\/wp\/v2\/product\/6682","targetHints":{"allow":["GET"]}}],"collection":[{"href":"https:\/\/yimamedical.com\/productos\/wp-json\/wp\/v2\/product"}],"about":[{"href":"https:\/\/yimamedical.com\/productos\/wp-json\/wp\/v2\/types\/product"}],"replies":[{"embeddable":true,"href":"https:\/\/yimamedical.com\/productos\/wp-json\/wp\/v2\/comments?post=6682"}],"wp:featuredmedia":[{"embeddable":true,"href":"https:\/\/yimamedical.com\/productos\/wp-json\/wp\/v2\/media\/6683"}],"wp:attachment":[{"href":"https:\/\/yimamedical.com\/productos\/wp-json\/wp\/v2\/media?parent=6682"}],"wp:term":[{"taxonomy":"product_brand","embeddable":true,"href":"https:\/\/yimamedical.com\/productos\/wp-json\/wp\/v2\/product_brand?post=6682"},{"taxonomy":"product_cat","embeddable":true,"href":"https:\/\/yimamedical.com\/productos\/wp-json\/wp\/v2\/product_cat?post=6682"},{"taxonomy":"product_tag","embeddable":true,"href":"https:\/\/yimamedical.com\/productos\/wp-json\/wp\/v2\/product_tag?post=6682"}],"curies":[{"name":"wp","href":"https:\/\/api.w.org\/{rel}","templated":true}]}}