{"id":6689,"date":"2025-08-14T22:01:38","date_gmt":"2025-08-14T22:01:38","guid":{"rendered":"https:\/\/yimamedical.com\/productos\/?post_type=product&#038;p=6689"},"modified":"2025-09-05T18:29:35","modified_gmt":"2025-09-05T18:29:35","slug":"sistema-dmequal","status":"publish","type":"product","link":"https:\/\/yimamedical.com\/productos\/product\/sistema-dmequal\/","title":{"rendered":"Sistema dmequal"},"content":{"rendered":"<p><img decoding=\"async\" src=\"https:\/\/es.doublemedicalgp.com\/js\/htmledit\/kindeditor\/attached\/20211017\/20211017082830_52684.jpg\" alt=\"\" \/><\/p>\n<p><img decoding=\"async\" src=\"https:\/\/es.doublemedicalgp.com\/js\/htmledit\/kindeditor\/attached\/20211017\/20211017082924_49373.jpg\" alt=\"\" \/><\/p>\n<p><strong><u>Caracteristicas:<\/u><\/strong><\/p>\n<ul>\n<li>cuello mecanizado con rugosidad mircro: facilita la uni\u00f3n de los tejidos blandos para formar una capa protectora apretada<\/li>\n<li>implante con paredes paralelas: aplicaci\u00f3n flexible, adecuado para diferentes calidades de hueso e indicaciones<\/li>\n<li>punta c\u00f3nica: permite una doble fijaci\u00f3n al hueso cortical y ofrece una alta estabilidad inicial<\/li>\n<li>dise\u00f1o de rosca de doble gu\u00eda: garantiza una mayor velocidad de inserci\u00f3n y optimiza la experiencia quir\u00fargica.<\/li>\n<li>flauta autorroscante de cuatro cortes: logra un buen efecto autorroscante cuando el orificio de preparaci\u00f3n es insuficiente.<\/li>\n<li>Cambio de plataforma integrado: evita la atrofia de los tejidos blandos y consigue un efecto est\u00e9tico.<\/li>\n<li>conexi\u00f3n de tornillo interno: el tornillo interno de alta resistencia asegura una conexi\u00f3n estable<\/li>\n<li>Dise\u00f1o de superficie y ranura SLA: promueve la osteointegraci\u00f3n y mejora la estabilidad<\/li>\n<li>Conexi\u00f3n c\u00f3nica de 12\u00b0: distribuci\u00f3n de tensi\u00f3n dispersa, con sellado cerrado para evitar la reproducci\u00f3n bacteriana.<\/li>\n<li>enclavamiento hexagonal: mejora la resistencia mec\u00e1nica y aumenta las opciones prot\u00e9sicas.<\/li>\n<\/ul>\n<p>tratamiento superficial dmequal:<\/p>\n<ul>\n<li>La t\u00e9cnica de tratamiento de superficies de implantes dmequal es un proyecto de investigaci\u00f3n industrial-universitario en cooperaci\u00f3n con la Universidad de Xiamen y ya ha obtenido una patente de invenci\u00f3n nacional. la t\u00e9cnica es diferente de la t\u00e9cnica tradicional de tratamiento de superficies de implantes con grabado \u00e1cido chorreado con arena,.<\/li>\n<li>el tratamiento de la superficie adopta un chorro de arena con arena de tama\u00f1o de part\u00edcula mic\u00f3tica para construir una morfolog\u00eda de micras de varios niveles uniforme especial con orificios profundos en la superficie plana , y la estructura morfol\u00f3gica es m\u00e1s complicada ,, lo que aumenta el \u00e1rea de contacto entre el implante y el tejido \u00f3seo.<\/li>\n<li>sin bordes afilados, una superficie activa de micrones de varios niveles, y un \u00e1ngulo de contacto m\u00e1s peque\u00f1o.<\/li>\n<li>el tratamiento de activaci\u00f3n superficial se realiza en la superficie de micras multinivel mediante calentamiento a alta temperatura, y se forma una fina capa de di\u00f3xido de titanio cristalino en la superficie por oxidaci\u00f3n, que reduce en gran medida el \u00e1ngulo de contacto y al mismo tiempo facilita la biomineralizaci\u00f3n en la superficie del material despu\u00e9s de la implantaci\u00f3n. es m\u00e1s propicia para lograr una carga a corto plazo y una osteointegraci\u00f3n a largo plazo del implante.<\/li>\n<\/ul>\n<p><strong><u>indicaci\u00f3n:<\/u><\/strong><\/p>\n<ul>\n<li>edentulismo parcial<\/li>\n<li>edentulismo total<\/li>\n<\/ul>\n","protected":false},"excerpt":{"rendered":"<p>El sistema dmequal est\u00e1 compuesto por un implante dental y accesorios para implantes. El implante de titanio puro TA4 con la superficie tratada con grabado \u00e1cido y arenado forman una osteointegraci\u00f3n estable.<\/p>\n","protected":false},"featured_media":6690,"comment_status":"open","ping_status":"closed","template":"","meta":[],"product_brand":[],"product_cat":[86],"product_tag":[103],"class_list":{"0":"post-6689","1":"product","2":"type-product","3":"status-publish","4":"has-post-thumbnail","6":"product_cat-material-dental","7":"product_tag-dme-implant-system","9":"first","10":"instock","11":"shipping-taxable","12":"product-type-simple"},"_links":{"self":[{"href":"https:\/\/yimamedical.com\/productos\/wp-json\/wp\/v2\/product\/6689","targetHints":{"allow":["GET"]}}],"collection":[{"href":"https:\/\/yimamedical.com\/productos\/wp-json\/wp\/v2\/product"}],"about":[{"href":"https:\/\/yimamedical.com\/productos\/wp-json\/wp\/v2\/types\/product"}],"replies":[{"embeddable":true,"href":"https:\/\/yimamedical.com\/productos\/wp-json\/wp\/v2\/comments?post=6689"}],"wp:featuredmedia":[{"embeddable":true,"href":"https:\/\/yimamedical.com\/productos\/wp-json\/wp\/v2\/media\/6690"}],"wp:attachment":[{"href":"https:\/\/yimamedical.com\/productos\/wp-json\/wp\/v2\/media?parent=6689"}],"wp:term":[{"taxonomy":"product_brand","embeddable":true,"href":"https:\/\/yimamedical.com\/productos\/wp-json\/wp\/v2\/product_brand?post=6689"},{"taxonomy":"product_cat","embeddable":true,"href":"https:\/\/yimamedical.com\/productos\/wp-json\/wp\/v2\/product_cat?post=6689"},{"taxonomy":"product_tag","embeddable":true,"href":"https:\/\/yimamedical.com\/productos\/wp-json\/wp\/v2\/product_tag?post=6689"}],"curies":[{"name":"wp","href":"https:\/\/api.w.org\/{rel}","templated":true}]}}