{"id":6704,"date":"2025-08-14T22:17:16","date_gmt":"2025-08-14T22:17:16","guid":{"rendered":"https:\/\/yimamedical.com\/productos\/?post_type=product&#038;p=6704"},"modified":"2025-09-05T18:23:10","modified_gmt":"2025-09-05T18:23:10","slug":"implante-hidrofilo-dmd","status":"publish","type":"product","link":"https:\/\/yimamedical.com\/productos\/product\/implante-hidrofilo-dmd\/","title":{"rendered":"Implante hidr\u00f3filo DMD"},"content":{"rendered":"<p><img decoding=\"async\" src=\"https:\/\/es.doublemedicalgp.com\/js\/htmledit\/kindeditor\/attached\/20241122\/20241122160009_11095.jpg\" alt=\"\" \/><\/p>\n<p><img decoding=\"async\" src=\"https:\/\/es.doublemedicalgp.com\/js\/htmledit\/kindeditor\/attached\/20241122\/20241122160029_79916.jpg\" alt=\"\" \/><\/p>\n<p><strong>Caracter\u00edsticas<\/strong><\/p>\n<p>Dise\u00f1o de cuello de corona c\u00f3nico invertido: Maximiza la preservaci\u00f3n del hueso alveolar y mejora el soporte de los tejidos blandos.<\/p>\n<p>Collares mecanizados: se forma una capa protectora ajustada con tejido blando.<\/p>\n<p>Cuerpo c\u00f3nico que se expande gradualmente: proporciona una alta estabilidad inicial en caso de mala condici\u00f3n \u00f3sea.<\/p>\n<p>Implante de paredes paralelas: Flexible para una amplia gama de huesos.<\/p>\n<p>Borde de perforaci\u00f3n superior: solo se requiere una peque\u00f1a v\u00eda de implantaci\u00f3n para reducir el da\u00f1o en la mand\u00edbula y preservar la masa \u00f3sea al m\u00e1ximo.<\/p>\n<p>Punta de ra\u00edz c\u00f3nica, cuatro filos, ranuras de roscado: se permite la fijaci\u00f3n doble del hueso cortical con la punta de ra\u00edz c\u00f3nica. Las ranuras para roscar de cuatro bordes tienen un buen efecto de roscado cuando el ancho o la longitud del orificio son insuficientes.<\/p>\n","protected":false},"excerpt":{"rendered":"<p><strong>Material<\/strong>: titanio CP de trabajo en fr\u00edo preferido, grado 4<\/p>\n<p><strong>Especificaciones<\/strong><\/p>\n<p>Implante hidrof\u00edlico DMD, 3,0 \u00cf3,0\u00c310,0 mm<br \/>\nImplante hidr\u00f3filo DMD, 3,0 \u00cf3,0\u00c311,0 mm<br \/>\nImplante hidr\u00f3filo DMD, 3,0 \u00cf3,0\u00c312,5 mm<br \/>\nImplante hidrof\u00edlico DMD, 3,0 \u00cf3,0\u00c314,5 mm<br \/>\nImplante hidr\u00f3filo DMD, NP \u00cf3,5\u00d76,5 mm<br \/>\nImplante hidr\u00f3filo DMD, NP \u00cf3,5\u00d78,0 mm<br \/>\nImplante hidrof\u00edlico DMD, NP \u00cf3,5\u00d79,5 mm<br \/>\nImplante hidrof\u00edlico DMD, NP \u00cf3,5\u00d711,0 mm<br \/>\nImplante hidr\u00f3filo DMD, NP \u00cf3,5\u00d712,5 mm<br \/>\nImplante hidr\u00f3filo DMD, NP \u00cf3,5\u00d714,5 mm<br \/>\nImplante hidr\u00f3filo DMD, RP \u00cf4,3\u00d76,5 mm<br \/>\nImplante hidr\u00f3filo DMD, RP \u00cf4,3\u00c38,0 mm<br \/>\nImplante hidr\u00f3filo DMD, RP \u00cf4,3\u00c39,5 mm<br \/>\nImplante hidr\u00f3filo DMD, RP \u00cf4,3\u00c311,0 mm<br \/>\nImplante hidr\u00f3filo DMD, RP \u00cf4,3\u00d712,5 mm<br \/>\nImplante hidr\u00f3filo DMD, RP \u00cf4,3\u00d714,5 mm<br \/>\nImplante hidr\u00f3filo DMD, RP \u00cf4,3\u00c316,0 mm<br \/>\nImplante hidr\u00f3filo DMD, RP \u00cf4,3\u00c317,5 mm<br \/>\nImplante hidr\u00f3filo DMD, RP \u00cf5.0\u00c36.5mm<br \/>\nImplante hidr\u00f3filo DMD, RP \u00cf5,0\u00d78,0 mm<br \/>\nImplante hidr\u00f3filo DMD, RP \u00cf5,0\u00c39,5 mm<br \/>\nImplante hidrof\u00edlico DMD, RP \u00cf5,0\u00d711,0 mm<br \/>\nImplante hidr\u00f3filo DMD, RP \u00cf5,0\u00c312,5 mm<br \/>\nImplante hidr\u00f3filo DMD, RP \u00cf5,0\u00c314,5 mm<br \/>\nImplante hidr\u00f3filo DMD, RP \u00cf5,0\u00c316,0 mm<br \/>\nImplante hidr\u00f3filo DMD, RP \u00cf5,0\u00c317,5 mm<\/p>\n","protected":false},"featured_media":6705,"comment_status":"open","ping_status":"closed","template":"","meta":[],"product_brand":[],"product_cat":[86],"product_tag":[100],"class_list":{"0":"post-6704","1":"product","2":"type-product","3":"status-publish","4":"has-post-thumbnail","6":"product_cat-material-dental","7":"product_tag-dmd-implant-system","9":"first","10":"instock","11":"shipping-taxable","12":"product-type-simple"},"_links":{"self":[{"href":"https:\/\/yimamedical.com\/productos\/wp-json\/wp\/v2\/product\/6704","targetHints":{"allow":["GET"]}}],"collection":[{"href":"https:\/\/yimamedical.com\/productos\/wp-json\/wp\/v2\/product"}],"about":[{"href":"https:\/\/yimamedical.com\/productos\/wp-json\/wp\/v2\/types\/product"}],"replies":[{"embeddable":true,"href":"https:\/\/yimamedical.com\/productos\/wp-json\/wp\/v2\/comments?post=6704"}],"wp:featuredmedia":[{"embeddable":true,"href":"https:\/\/yimamedical.com\/productos\/wp-json\/wp\/v2\/media\/6705"}],"wp:attachment":[{"href":"https:\/\/yimamedical.com\/productos\/wp-json\/wp\/v2\/media?parent=6704"}],"wp:term":[{"taxonomy":"product_brand","embeddable":true,"href":"https:\/\/yimamedical.com\/productos\/wp-json\/wp\/v2\/product_brand?post=6704"},{"taxonomy":"product_cat","embeddable":true,"href":"https:\/\/yimamedical.com\/productos\/wp-json\/wp\/v2\/product_cat?post=6704"},{"taxonomy":"product_tag","embeddable":true,"href":"https:\/\/yimamedical.com\/productos\/wp-json\/wp\/v2\/product_tag?post=6704"}],"curies":[{"name":"wp","href":"https:\/\/api.w.org\/{rel}","templated":true}]}}