{"id":6708,"date":"2025-08-14T22:21:34","date_gmt":"2025-08-14T22:21:34","guid":{"rendered":"https:\/\/yimamedical.com\/productos\/?post_type=product&#038;p=6708"},"modified":"2025-09-05T18:22:27","modified_gmt":"2025-09-05T18:22:27","slug":"implante-hidrofilo-dme","status":"publish","type":"product","link":"https:\/\/yimamedical.com\/productos\/product\/implante-hidrofilo-dme\/","title":{"rendered":"Implante hidr\u00f3filo DME"},"content":{"rendered":"<p><img decoding=\"async\" src=\"https:\/\/es.doublemedicalgp.com\/js\/htmledit\/kindeditor\/attached\/20241125\/20241125160631_10355.jpg\" \/><\/p>\n","protected":false},"excerpt":{"rendered":"<p><strong>Indicaci\u00f3n\u00ef\u00bc<\/strong><br \/>\nEdentulismo parcial<br \/>\nEdentulismo total<\/p>\n<p><strong>Especificaciones<\/strong><\/p>\n<p>Implante hidrof\u00edlico DME, NP \u00cf3,75\u00d76,5 mm<\/p>\n<p>Implante hidr\u00f3filo DME, NP \u00cf3,75\u00c38,0 mm<br \/>\nImplante hidrof\u00edlico DME, NP \u00cf3,75\u00d79,5 mm<br \/>\nImplante hidr\u00f3filo DME, NP \u00cf3,75\u00d711,0 mm<br \/>\nImplante hidrof\u00edlico DME, NP \u00cf3,75\u00d712,5 mm<br \/>\nImplante hidr\u00f3filo DME, NP \u00cf3,75\u00d714,5 mm<br \/>\nImplante hidr\u00f3filo DME, RP \u00cf4,3\u00c36,5 mm<br \/>\nImplante hidr\u00f3filo DME, RP \u00cf4,3\u00c38,0 mm<br \/>\nImplante hidr\u00f3filo DME, RP \u00cf4,3\u00c39,5 mm<br \/>\nImplante hidr\u00f3filo DME, RP \u00cf4,3\u00c311,0 mm<br \/>\nImplante hidr\u00f3filo DME, RP \u00cf4,3\u00c312,5 mm<br \/>\nImplante hidr\u00f3filo DME, RP \u00cf4,3\u00c314,5 mm<br \/>\nImplante hidr\u00f3filo DME, RP \u00cf4,3\u00c316,0 mm<br \/>\nImplante hidr\u00f3filo DME, RP \u00cf4,3\u00c317,5 mm<br \/>\nImplante hidr\u00f3filo DME, RP \u00cf5,0\u00c36,5 mm<br \/>\nImplante hidr\u00f3filo DME, RP \u00cf5,0\u00c38,0 mm<br \/>\nImplante hidr\u00f3filo DME, RP \u00cf5,0\u00c39,5 mm<br \/>\nImplante hidr\u00f3filo DME, RP \u00cf5,0\u00c311,0 mm<br \/>\nImplante hidr\u00f3filo DME, RP \u00cf5,0\u00c312,5 mm<br \/>\nImplante hidr\u00f3filo DME, RP \u00cf5,0\u00c314,5 mm<br \/>\nImplante hidr\u00f3filo DME, RP \u00cf5,0\u00c316,0 mm<br \/>\nImplante hidr\u00f3filo DME, RP \u00cf5,0\u00c317,5 mm<\/p>\n","protected":false},"featured_media":6709,"comment_status":"open","ping_status":"closed","template":"","meta":[],"product_brand":[],"product_cat":[86],"product_tag":[100],"class_list":{"0":"post-6708","1":"product","2":"type-product","3":"status-publish","4":"has-post-thumbnail","6":"product_cat-material-dental","7":"product_tag-dmd-implant-system","9":"first","10":"instock","11":"shipping-taxable","12":"product-type-simple"},"_links":{"self":[{"href":"https:\/\/yimamedical.com\/productos\/wp-json\/wp\/v2\/product\/6708","targetHints":{"allow":["GET"]}}],"collection":[{"href":"https:\/\/yimamedical.com\/productos\/wp-json\/wp\/v2\/product"}],"about":[{"href":"https:\/\/yimamedical.com\/productos\/wp-json\/wp\/v2\/types\/product"}],"replies":[{"embeddable":true,"href":"https:\/\/yimamedical.com\/productos\/wp-json\/wp\/v2\/comments?post=6708"}],"wp:featuredmedia":[{"embeddable":true,"href":"https:\/\/yimamedical.com\/productos\/wp-json\/wp\/v2\/media\/6709"}],"wp:attachment":[{"href":"https:\/\/yimamedical.com\/productos\/wp-json\/wp\/v2\/media?parent=6708"}],"wp:term":[{"taxonomy":"product_brand","embeddable":true,"href":"https:\/\/yimamedical.com\/productos\/wp-json\/wp\/v2\/product_brand?post=6708"},{"taxonomy":"product_cat","embeddable":true,"href":"https:\/\/yimamedical.com\/productos\/wp-json\/wp\/v2\/product_cat?post=6708"},{"taxonomy":"product_tag","embeddable":true,"href":"https:\/\/yimamedical.com\/productos\/wp-json\/wp\/v2\/product_tag?post=6708"}],"curies":[{"name":"wp","href":"https:\/\/api.w.org\/{rel}","templated":true}]}}