{"id":6722,"date":"2025-08-14T22:56:17","date_gmt":"2025-08-14T22:56:17","guid":{"rendered":"https:\/\/yimamedical.com\/productos\/?post_type=product&#038;p=6722"},"modified":"2025-09-05T18:17:25","modified_gmt":"2025-09-05T18:17:25","slug":"kit-de-tornillos-oseos-gbr","status":"publish","type":"product","link":"https:\/\/yimamedical.com\/productos\/product\/kit-de-tornillos-oseos-gbr\/","title":{"rendered":"Kit de tornillos \u00f3seos GBR"},"content":{"rendered":"<p><img decoding=\"async\" src=\"https:\/\/es.doublemedicalgp.com\/js\/htmledit\/kindeditor\/attached\/20241031\/20241031163914_52268.jpg\" \/><\/p>\n","protected":false},"excerpt":{"rendered":"<p>Indicaciones: Dise\u00f1ado para el mantenimiento del espacio osteog\u00e9nico, fijaci\u00f3n de bloques \u00f3seos y aumento \u00f3seo biol\u00f3gico.<\/p>\n<p>Material: acero inoxidable<\/p>\n<p>Especificaci\u00f3n:<\/p>\n<p>Kit de tornillos \u00f3seos GBR de \u00cf1,0 mm<\/p>\n<p>Kit de tornillos \u00f3seos GBR de \u00cf1,3 mm<\/p>\n<p>El kit de tornillos \u00f3seos de \u00cf1,0 mm incluye:<br \/>\nBroca para huesos, \u00cf0,9\u00c312\u00c335<br \/>\nDestornillador, T4\u00c320mm<br \/>\nDestornillador, T4\u00c340mm<br \/>\nDestornillador, T4\u00c355mm<br \/>\nSoporte para u\u00f1as<br \/>\nMango roscado, 22 \u00d7 100 mm<br \/>\nPosicionador, 100\u00d750 mm<br \/>\n\u00cfEl kit de tornillos \u00f3seos de 1,3 mm incluye:<br \/>\nBroca para huesos, \u00cf1,1\u00d712\u00d735 mm<br \/>\nDestornillador, T4\u00c320mm<br \/>\nDestornillador, T4\u00c335mm<br \/>\nDestornillador, T4\u00c355mm<br \/>\nMango de tornillo, 22 \u00d7 100 mm<br \/>\nPosicionador, 100\u00d750 mm<\/p>\n","protected":false},"featured_media":6723,"comment_status":"open","ping_status":"closed","template":"","meta":[],"product_brand":[],"product_cat":[86],"product_tag":[102],"class_list":{"0":"post-6722","1":"product","2":"type-product","3":"status-publish","4":"has-post-thumbnail","6":"product_cat-material-dental","7":"product_tag-regeneracion-osea-guiada","9":"first","10":"instock","11":"shipping-taxable","12":"product-type-simple"},"_links":{"self":[{"href":"https:\/\/yimamedical.com\/productos\/wp-json\/wp\/v2\/product\/6722","targetHints":{"allow":["GET"]}}],"collection":[{"href":"https:\/\/yimamedical.com\/productos\/wp-json\/wp\/v2\/product"}],"about":[{"href":"https:\/\/yimamedical.com\/productos\/wp-json\/wp\/v2\/types\/product"}],"replies":[{"embeddable":true,"href":"https:\/\/yimamedical.com\/productos\/wp-json\/wp\/v2\/comments?post=6722"}],"wp:featuredmedia":[{"embeddable":true,"href":"https:\/\/yimamedical.com\/productos\/wp-json\/wp\/v2\/media\/6723"}],"wp:attachment":[{"href":"https:\/\/yimamedical.com\/productos\/wp-json\/wp\/v2\/media?parent=6722"}],"wp:term":[{"taxonomy":"product_brand","embeddable":true,"href":"https:\/\/yimamedical.com\/productos\/wp-json\/wp\/v2\/product_brand?post=6722"},{"taxonomy":"product_cat","embeddable":true,"href":"https:\/\/yimamedical.com\/productos\/wp-json\/wp\/v2\/product_cat?post=6722"},{"taxonomy":"product_tag","embeddable":true,"href":"https:\/\/yimamedical.com\/productos\/wp-json\/wp\/v2\/product_tag?post=6722"}],"curies":[{"name":"wp","href":"https:\/\/api.w.org\/{rel}","templated":true}]}}