{"id":6736,"date":"2025-08-14T23:33:44","date_gmt":"2025-08-14T23:33:44","guid":{"rendered":"https:\/\/yimamedical.com\/productos\/?post_type=product&#038;p=6736"},"modified":"2025-09-05T18:12:47","modified_gmt":"2025-09-05T18:12:47","slug":"kit-de-cirugia-de-malla-de-titanio-gbr","status":"publish","type":"product","link":"https:\/\/yimamedical.com\/productos\/product\/kit-de-cirugia-de-malla-de-titanio-gbr\/","title":{"rendered":"Kit de cirug\u00eda de malla de titanio GBR"},"content":{"rendered":"<p><img decoding=\"async\" src=\"https:\/\/es.doublemedicalgp.com\/js\/htmledit\/kindeditor\/attached\/20241030\/20241030144456_38904.jpg\" \/><\/p>\n","protected":false},"excerpt":{"rendered":"<p>Indicaciones: Dise\u00f1ado para procedimientos de regeneraci\u00f3n \u00f3sea guiados por malla de titanio.<br \/>\nMaterial: acero inoxidable<br \/>\nEl kit de cirug\u00eda de malla de titanio GBR incluye:<br \/>\nDestornillador el\u00e9ctrico T4\u00c320 mm (corto)<br \/>\nDestornillador el\u00e9ctrico T4 (largo)<br \/>\n\u00cf1.1\u00c312\u00c335 Taladro ortop\u00e9dico<br \/>\nPinza de 7,5 mm \u00e2<br \/>\nPinza de 11 mm \u00e2\u00a1<br \/>\nPinza de 7,5 mm \u00e2\u00a2<br \/>\nPinza de sujeci\u00f3n de 2,6 mm<br \/>\nPinza de corte de 12 mm<br \/>\nCaja de kit quir\u00fargico de malla de titanio, 200 \u00d7 250 mm<\/p>\n","protected":false},"featured_media":6737,"comment_status":"open","ping_status":"closed","template":"","meta":[],"product_brand":[],"product_cat":[86],"product_tag":[102],"class_list":{"0":"post-6736","1":"product","2":"type-product","3":"status-publish","4":"has-post-thumbnail","6":"product_cat-material-dental","7":"product_tag-regeneracion-osea-guiada","9":"first","10":"instock","11":"shipping-taxable","12":"product-type-simple"},"_links":{"self":[{"href":"https:\/\/yimamedical.com\/productos\/wp-json\/wp\/v2\/product\/6736","targetHints":{"allow":["GET"]}}],"collection":[{"href":"https:\/\/yimamedical.com\/productos\/wp-json\/wp\/v2\/product"}],"about":[{"href":"https:\/\/yimamedical.com\/productos\/wp-json\/wp\/v2\/types\/product"}],"replies":[{"embeddable":true,"href":"https:\/\/yimamedical.com\/productos\/wp-json\/wp\/v2\/comments?post=6736"}],"wp:featuredmedia":[{"embeddable":true,"href":"https:\/\/yimamedical.com\/productos\/wp-json\/wp\/v2\/media\/6737"}],"wp:attachment":[{"href":"https:\/\/yimamedical.com\/productos\/wp-json\/wp\/v2\/media?parent=6736"}],"wp:term":[{"taxonomy":"product_brand","embeddable":true,"href":"https:\/\/yimamedical.com\/productos\/wp-json\/wp\/v2\/product_brand?post=6736"},{"taxonomy":"product_cat","embeddable":true,"href":"https:\/\/yimamedical.com\/productos\/wp-json\/wp\/v2\/product_cat?post=6736"},{"taxonomy":"product_tag","embeddable":true,"href":"https:\/\/yimamedical.com\/productos\/wp-json\/wp\/v2\/product_tag?post=6736"}],"curies":[{"name":"wp","href":"https:\/\/api.w.org\/{rel}","templated":true}]}}