{"id":6741,"date":"2025-08-14T23:37:28","date_gmt":"2025-08-14T23:37:28","guid":{"rendered":"https:\/\/yimamedical.com\/productos\/?post_type=product&#038;p=6741"},"modified":"2025-09-05T18:11:18","modified_gmt":"2025-09-05T18:11:18","slug":"kit-de-tachuelas-automaticas-para-huesos","status":"publish","type":"product","link":"https:\/\/yimamedical.com\/productos\/product\/kit-de-tachuelas-automaticas-para-huesos\/","title":{"rendered":"Kit de tachuelas autom\u00e1ticas para huesos"},"content":{"rendered":"<p>Experimente la fijaci\u00f3n de membranas sin esfuerzo con solo presionar un bot\u00f3n con nuestro kit de tachuelas autom\u00e1ticas de \u00faltima generaci\u00f3n. Este notable kit cuenta con un mango innovador equipado con un nuevo mecanismo de retroceso, que garantiza la colocaci\u00f3n r\u00e1pida y segura de tachuelas de aleaci\u00f3n de titanio para estabilizar la membrana.<\/p>\n","protected":false},"excerpt":{"rendered":"<p>El kit incluye:<\/p>\n<ul>\n<li>Mango de tachuela autom\u00e1tico con mecanismo de retroceso avanzado<\/li>\n<li>Posicionador de tachuelas (en un estuche protector)<\/li>\n<li>36 tachuelas de titanio para huesos (en diferentes tama\u00f1os: 3 mm, 4 mm y 5 mm)<\/li>\n<\/ul>\n<p>Actualice su proceso de fijaci\u00f3n de membranas y disfrute de la comodidad y la fiabilidad que ofrece nuestro kit Automatic Bone Tack.<\/p>\n","protected":false},"featured_media":6742,"comment_status":"open","ping_status":"closed","template":"","meta":[],"product_brand":[],"product_cat":[86],"product_tag":[102],"class_list":{"0":"post-6741","1":"product","2":"type-product","3":"status-publish","4":"has-post-thumbnail","6":"product_cat-material-dental","7":"product_tag-regeneracion-osea-guiada","9":"first","10":"instock","11":"shipping-taxable","12":"product-type-simple"},"_links":{"self":[{"href":"https:\/\/yimamedical.com\/productos\/wp-json\/wp\/v2\/product\/6741","targetHints":{"allow":["GET"]}}],"collection":[{"href":"https:\/\/yimamedical.com\/productos\/wp-json\/wp\/v2\/product"}],"about":[{"href":"https:\/\/yimamedical.com\/productos\/wp-json\/wp\/v2\/types\/product"}],"replies":[{"embeddable":true,"href":"https:\/\/yimamedical.com\/productos\/wp-json\/wp\/v2\/comments?post=6741"}],"wp:featuredmedia":[{"embeddable":true,"href":"https:\/\/yimamedical.com\/productos\/wp-json\/wp\/v2\/media\/6742"}],"wp:attachment":[{"href":"https:\/\/yimamedical.com\/productos\/wp-json\/wp\/v2\/media?parent=6741"}],"wp:term":[{"taxonomy":"product_brand","embeddable":true,"href":"https:\/\/yimamedical.com\/productos\/wp-json\/wp\/v2\/product_brand?post=6741"},{"taxonomy":"product_cat","embeddable":true,"href":"https:\/\/yimamedical.com\/productos\/wp-json\/wp\/v2\/product_cat?post=6741"},{"taxonomy":"product_tag","embeddable":true,"href":"https:\/\/yimamedical.com\/productos\/wp-json\/wp\/v2\/product_tag?post=6741"}],"curies":[{"name":"wp","href":"https:\/\/api.w.org\/{rel}","templated":true}]}}