{"id":6752,"date":"2025-08-15T17:32:49","date_gmt":"2025-08-15T17:32:49","guid":{"rendered":"https:\/\/yimamedical.com\/productos\/?post_type=product&#038;p=6752"},"modified":"2025-09-05T18:08:22","modified_gmt":"2025-09-05T18:08:22","slug":"peine-de-liberacion-de-tension","status":"publish","type":"product","link":"https:\/\/yimamedical.com\/productos\/product\/peine-de-liberacion-de-tension\/","title":{"rendered":"Peine de liberaci\u00f3n de tensi\u00f3n"},"content":{"rendered":"<p>Cuando necesita mover coronalmente un colgajo de tejido blando, el peine de liberaci\u00f3n de tensi\u00f3n DentalMaster viene al rescate. Al extender suavemente la solapa dividida, le permite lograr una cobertura completa sin esfuerzo. La extensi\u00f3n de la extensi\u00f3n del colgajo puede variar en funci\u00f3n del estado del tejido blando, normalmente entre 15 y 20 mm.<\/p>\n<p>Con el peine de liberaci\u00f3n de tensi\u00f3n DentalMaster, puede navegar con confianza los procedimientos periodontales y garantizar una cobertura completa de la superficie de la ra\u00edz. Es una herramienta confiable e indispensable para los profesionales de la odontolog\u00eda que buscan soluciones efectivas.<\/p>\n","protected":false},"excerpt":{"rendered":"<p>DentalMaster Tension Release Comb: el compa\u00f1ero perfecto para intervenciones periodontales enfocadas en lograr una cobertura \u00f3ptima de la superficie de la ra\u00edz. Dise\u00f1ada para que el proceso sea perfecto, esta pr\u00e1ctica herramienta est\u00e1 aqu\u00ed para ayudar.<\/p>\n","protected":false},"featured_media":6753,"comment_status":"open","ping_status":"closed","template":"","meta":[],"product_brand":[],"product_cat":[86],"product_tag":[97],"class_list":{"0":"post-6752","1":"product","2":"type-product","3":"status-publish","4":"has-post-thumbnail","6":"product_cat-material-dental","7":"product_tag-instrumental-quirurgico","9":"first","10":"instock","11":"shipping-taxable","12":"product-type-simple"},"_links":{"self":[{"href":"https:\/\/yimamedical.com\/productos\/wp-json\/wp\/v2\/product\/6752","targetHints":{"allow":["GET"]}}],"collection":[{"href":"https:\/\/yimamedical.com\/productos\/wp-json\/wp\/v2\/product"}],"about":[{"href":"https:\/\/yimamedical.com\/productos\/wp-json\/wp\/v2\/types\/product"}],"replies":[{"embeddable":true,"href":"https:\/\/yimamedical.com\/productos\/wp-json\/wp\/v2\/comments?post=6752"}],"wp:featuredmedia":[{"embeddable":true,"href":"https:\/\/yimamedical.com\/productos\/wp-json\/wp\/v2\/media\/6753"}],"wp:attachment":[{"href":"https:\/\/yimamedical.com\/productos\/wp-json\/wp\/v2\/media?parent=6752"}],"wp:term":[{"taxonomy":"product_brand","embeddable":true,"href":"https:\/\/yimamedical.com\/productos\/wp-json\/wp\/v2\/product_brand?post=6752"},{"taxonomy":"product_cat","embeddable":true,"href":"https:\/\/yimamedical.com\/productos\/wp-json\/wp\/v2\/product_cat?post=6752"},{"taxonomy":"product_tag","embeddable":true,"href":"https:\/\/yimamedical.com\/productos\/wp-json\/wp\/v2\/product_tag?post=6752"}],"curies":[{"name":"wp","href":"https:\/\/api.w.org\/{rel}","templated":true}]}}