{"id":6800,"date":"2025-08-15T17:53:56","date_gmt":"2025-08-15T17:53:56","guid":{"rendered":"https:\/\/yimamedical.com\/productos\/?post_type=product&#038;p=6800"},"modified":"2025-09-05T17:48:36","modified_gmt":"2025-09-05T17:48:36","slug":"membrana-de-malla-de-titanio-gbr-rectangular","status":"publish","type":"product","link":"https:\/\/yimamedical.com\/productos\/product\/membrana-de-malla-de-titanio-gbr-rectangular\/","title":{"rendered":"Membrana de malla de titanio GBR rectangular"},"content":{"rendered":"<p><img decoding=\"async\" src=\"https:\/\/es.doublemedicalgp.com\/js\/htmledit\/kindeditor\/attached\/20241029\/20241029155647_45563.jpg\" \/><\/p>\n<p><img decoding=\"async\" src=\"https:\/\/es.doublemedicalgp.com\/js\/htmledit\/kindeditor\/attached\/20241029\/20241029155752_23344.jpg\" \/><img decoding=\"async\" src=\"https:\/\/es.doublemedicalgp.com\/js\/htmledit\/kindeditor\/attached\/20241029\/20241029155843_12181.jpg\" \/><\/p>\n","protected":false},"excerpt":{"rendered":"<p>Indicaciones: Proporcionar espacio ideal y mantener resultados osteog\u00e9nicos.<\/p>\n<p>Material: titanio sin alear<\/p>\n<p>Caracter\u00edsticas:<\/p>\n<p>Dise\u00f1o Torx para apoyar buenos canales de suministro de sangre.<\/p>\n<p>Forma 3D flexible para un corte f\u00e1cil y un ajuste alto.<\/p>\n<p>Dise\u00f1o ultrafino de 0,2 mm, el alto soporte reduce la irritaci\u00f3n de los tejidos blandos.<\/p>\n<p>El tratamiento superficial de oxidaci\u00f3n an\u00f3dica muestra una superficie lisa bajo el microscopio electr\u00f3nico. Alta capacidad antibacteriana y mejor biocompatibilidad.<\/p>\n<p>Especificaci\u00f3n\u00ef\u00bc<\/p>\n<p>Malla de titanio rectangular, 4\u00c310\u00c37\u00c30,2 mm<\/p>\n<p>Malla de titanio rectangular, 4 \u00d7 10 \u00d7 9 \u00d7 0,2 mm.<\/p>\n","protected":false},"featured_media":6801,"comment_status":"open","ping_status":"closed","template":"","meta":[],"product_brand":[],"product_cat":[86],"product_tag":[102],"class_list":{"0":"post-6800","1":"product","2":"type-product","3":"status-publish","4":"has-post-thumbnail","6":"product_cat-material-dental","7":"product_tag-regeneracion-osea-guiada","9":"first","10":"instock","11":"shipping-taxable","12":"product-type-simple"},"_links":{"self":[{"href":"https:\/\/yimamedical.com\/productos\/wp-json\/wp\/v2\/product\/6800","targetHints":{"allow":["GET"]}}],"collection":[{"href":"https:\/\/yimamedical.com\/productos\/wp-json\/wp\/v2\/product"}],"about":[{"href":"https:\/\/yimamedical.com\/productos\/wp-json\/wp\/v2\/types\/product"}],"replies":[{"embeddable":true,"href":"https:\/\/yimamedical.com\/productos\/wp-json\/wp\/v2\/comments?post=6800"}],"wp:featuredmedia":[{"embeddable":true,"href":"https:\/\/yimamedical.com\/productos\/wp-json\/wp\/v2\/media\/6801"}],"wp:attachment":[{"href":"https:\/\/yimamedical.com\/productos\/wp-json\/wp\/v2\/media?parent=6800"}],"wp:term":[{"taxonomy":"product_brand","embeddable":true,"href":"https:\/\/yimamedical.com\/productos\/wp-json\/wp\/v2\/product_brand?post=6800"},{"taxonomy":"product_cat","embeddable":true,"href":"https:\/\/yimamedical.com\/productos\/wp-json\/wp\/v2\/product_cat?post=6800"},{"taxonomy":"product_tag","embeddable":true,"href":"https:\/\/yimamedical.com\/productos\/wp-json\/wp\/v2\/product_tag?post=6800"}],"curies":[{"name":"wp","href":"https:\/\/api.w.org\/{rel}","templated":true}]}}