{"id":6856,"date":"2025-08-15T18:39:07","date_gmt":"2025-08-15T18:39:07","guid":{"rendered":"https:\/\/yimamedical.com\/productos\/?post_type=product&#038;p=6856"},"modified":"2025-09-04T23:30:05","modified_gmt":"2025-09-04T23:30:05","slug":"poste-de-impresion-y-vaina-de-titanio-easylearn","status":"publish","type":"product","link":"https:\/\/yimamedical.com\/productos\/product\/poste-de-impresion-y-vaina-de-titanio-easylearn\/","title":{"rendered":"Poste de impresi\u00f3n y vaina de titanio EasyLearn"},"content":{"rendered":"","protected":false},"excerpt":{"rendered":"<p><strong>Material<\/strong>: aleaci\u00f3n de titanio<\/p>\n<p><b>Especificaciones<\/b><\/p>\n<p>Poste de impresi\u00f3n y vaina de titanio EasyLearn \u00e2 , \u00cf2,0 mm<\/p>\n<p>Poste y vaina de impresi\u00f3n de titanio EasyLearn \u00e2 , \u00cf2,5 mm<\/p>\n<p>Poste y vaina de impresi\u00f3n de titanio EasyLearn \u00e2 , \u00cf3,0 mm<\/p>\n<p>Poste y vaina de impresi\u00f3n de titanio EasyLearn \u00e2 , \u00cf6,0\u00c32,0 mm<\/p>\n<p>Poste y vaina de impresi\u00f3n de titanio EasyLearn \u00e2 , \u00cf6,0\u00c32,5 mm<\/p>\n<p>Poste y vaina de impresi\u00f3n de titanio EasyLearn \u00e2 , \u00cf6,0\u00c33,0 mm<\/p>\n<p>Poste y vaina de impresi\u00f3n de titanio EasyLearn \u00e2 , \u00cf9,0\u00d72,0 mm<\/p>\n<p>Poste y vaina de impresi\u00f3n de titanio EasyLearn \u00e2 , \u00cf9,0\u00c32,5 mm<\/p>\n<p>Poste y vaina de impresi\u00f3n de titanio EasyLearn \u00e2 , \u00cf9,0\u00d73,0 mm<\/p>\n","protected":false},"featured_media":6857,"comment_status":"open","ping_status":"closed","template":"","meta":[],"product_brand":[],"product_cat":[86],"product_tag":[101],"class_list":{"0":"post-6856","1":"product","2":"type-product","3":"status-publish","4":"has-post-thumbnail","6":"product_cat-material-dental","7":"product_tag-sistema-de-implanete-easylearn","9":"first","10":"instock","11":"shipping-taxable","12":"product-type-simple"},"_links":{"self":[{"href":"https:\/\/yimamedical.com\/productos\/wp-json\/wp\/v2\/product\/6856","targetHints":{"allow":["GET"]}}],"collection":[{"href":"https:\/\/yimamedical.com\/productos\/wp-json\/wp\/v2\/product"}],"about":[{"href":"https:\/\/yimamedical.com\/productos\/wp-json\/wp\/v2\/types\/product"}],"replies":[{"embeddable":true,"href":"https:\/\/yimamedical.com\/productos\/wp-json\/wp\/v2\/comments?post=6856"}],"wp:featuredmedia":[{"embeddable":true,"href":"https:\/\/yimamedical.com\/productos\/wp-json\/wp\/v2\/media\/6857"}],"wp:attachment":[{"href":"https:\/\/yimamedical.com\/productos\/wp-json\/wp\/v2\/media?parent=6856"}],"wp:term":[{"taxonomy":"product_brand","embeddable":true,"href":"https:\/\/yimamedical.com\/productos\/wp-json\/wp\/v2\/product_brand?post=6856"},{"taxonomy":"product_cat","embeddable":true,"href":"https:\/\/yimamedical.com\/productos\/wp-json\/wp\/v2\/product_cat?post=6856"},{"taxonomy":"product_tag","embeddable":true,"href":"https:\/\/yimamedical.com\/productos\/wp-json\/wp\/v2\/product_tag?post=6856"}],"curies":[{"name":"wp","href":"https:\/\/api.w.org\/{rel}","templated":true}]}}