{"id":6860,"date":"2025-08-15T18:42:21","date_gmt":"2025-08-15T18:42:21","guid":{"rendered":"https:\/\/yimamedical.com\/productos\/?post_type=product&#038;p=6860"},"modified":"2025-09-24T18:14:18","modified_gmt":"2025-09-24T18:14:18","slug":"kit-de-cirugia-corta-easylearn","status":"publish","type":"product","link":"https:\/\/yimamedical.com\/productos\/product\/kit-de-cirugia-corta-easylearn\/","title":{"rendered":"Kit de cirug\u00eda corta EasyLearn"},"content":{"rendered":"","protected":false},"excerpt":{"rendered":"<p><strong>Indicaci\u00f3n<\/strong>: Para el sistema de implante corto Easylearn<\/p>\n<p><strong>El kit incluye<\/strong>:<br \/>\nTaladro Pioneer, \u00cf2,0\u00c332 mm<br \/>\nTaladro Pioneer, \u00cf2,0\u00c340 mm<br \/>\nExtensor, 25 mm<br \/>\nVarilla de posicionamiento \u00e2 , 0\u00b0<br \/>\nVarilla de posicionamiento \u00e2 , 15\u00b0<br \/>\nMedidor de profundidad de osteotom\u00eda de doble extremo, \u00cf4,25\/\u00cf1,9 mm<br \/>\nMedidor de profundidad del hombro del pilar<br \/>\nEscariador de pestillo extendido, 2,5 mm<br \/>\nEscariador de pestillo extendido, 3,0 mm<br \/>\nEscariador de pestillo extendido, 3,5 mm<br \/>\nEscariador de pestillo extendido, 4,0 mm<br \/>\nEscariador de pestillo extendido, 4,5 mm<br \/>\nEscariador de pestillo extendido, 5,0 mm<br \/>\nEscariador de pestillo extendido, 5,5 mm<br \/>\nEscariador de pestillo extendido, 6,0 mm<br \/>\nEscariador manual, 2,5 mm<br \/>\nEscariador manual, 3,0 mm<br \/>\nEscariador manual, 3,5 mm<br \/>\nEscariador manual, 4,0 mm<br \/>\nEscariador manual, 4,5 mm<br \/>\nEscariador manual, 5,0 mm<br \/>\nEscariador manual, 5,5 mm<br \/>\nEscariador manual, 6,0 mm<br \/>\nMango recto roscado<br \/>\nMango desplazado roscado<br \/>\nPerilla roscada, \u00cf12,3\u00c39,5 mm<br \/>\nAdaptador de instrumento roscado, \u00cf4\u00c320,5 mm<br \/>\nLlave de extracci\u00f3n, 76,5 \u00d7 12,7 mm<br \/>\nPunta de asiento, 2,0 mm<br \/>\nPunta de asiento, 2,5 mm<br \/>\nPunta de asiento, 3,0 mm<br \/>\nPunta de asiento est\u00e1ndar, \u00cf4\u00c39 mm<br \/>\nPunta de asiento grande, \u00cf6,3\u00c38 mm<br \/>\nInsertador y recuperador, 2,0 mm<br \/>\nInsertador y recuperador, 2,5 mm<br \/>\nInsertador y recuperador, 3,0 mm<br \/>\nFormadores de surcos, 4,0 mm<br \/>\nFormador de surco, 5,0 mm<br \/>\nFormador de surco, 6,5 mm<br \/>\nFormador de surco, 7,5 mm<br \/>\nPasador gu\u00eda, 2,0 mm<br \/>\nPasador gu\u00eda, 2,5 mm<br \/>\nPasador gu\u00eda, 3,0 mm<br \/>\nOste\u00f3tomo, 3,5 mm<br \/>\nOste\u00f3tomo, 4,0 mm<br \/>\nOste\u00f3tomo, 4,5 mm<br \/>\nOste\u00f3tomo, 5,0 mm<br \/>\nOste\u00f3tomo, 6,0 mm<br \/>\nMazo quir\u00fargico<br \/>\nInstrumento de extracci\u00f3n del tap\u00f3n de cicatrizaci\u00f3n<br \/>\nCortador de tap\u00f3n de cicatrizaci\u00f3n<br \/>\nEstuche para kit de cirug\u00eda corto EasyLearn<\/p>\n","protected":false},"featured_media":6861,"comment_status":"open","ping_status":"closed","template":"","meta":[],"product_brand":[],"product_cat":[86],"product_tag":[101],"class_list":{"0":"post-6860","1":"product","2":"type-product","3":"status-publish","4":"has-post-thumbnail","6":"product_cat-material-dental","7":"product_tag-sistema-de-implanete-easylearn","9":"first","10":"instock","11":"shipping-taxable","12":"product-type-simple"},"_links":{"self":[{"href":"https:\/\/yimamedical.com\/productos\/wp-json\/wp\/v2\/product\/6860","targetHints":{"allow":["GET"]}}],"collection":[{"href":"https:\/\/yimamedical.com\/productos\/wp-json\/wp\/v2\/product"}],"about":[{"href":"https:\/\/yimamedical.com\/productos\/wp-json\/wp\/v2\/types\/product"}],"replies":[{"embeddable":true,"href":"https:\/\/yimamedical.com\/productos\/wp-json\/wp\/v2\/comments?post=6860"}],"wp:featuredmedia":[{"embeddable":true,"href":"https:\/\/yimamedical.com\/productos\/wp-json\/wp\/v2\/media\/6861"}],"wp:attachment":[{"href":"https:\/\/yimamedical.com\/productos\/wp-json\/wp\/v2\/media?parent=6860"}],"wp:term":[{"taxonomy":"product_brand","embeddable":true,"href":"https:\/\/yimamedical.com\/productos\/wp-json\/wp\/v2\/product_brand?post=6860"},{"taxonomy":"product_cat","embeddable":true,"href":"https:\/\/yimamedical.com\/productos\/wp-json\/wp\/v2\/product_cat?post=6860"},{"taxonomy":"product_tag","embeddable":true,"href":"https:\/\/yimamedical.com\/productos\/wp-json\/wp\/v2\/product_tag?post=6860"}],"curies":[{"name":"wp","href":"https:\/\/api.w.org\/{rel}","templated":true}]}}