{"id":6871,"date":"2025-08-15T18:49:38","date_gmt":"2025-08-15T18:49:38","guid":{"rendered":"https:\/\/yimamedical.com\/productos\/?post_type=product&#038;p=6871"},"modified":"2025-09-04T23:12:36","modified_gmt":"2025-09-04T23:12:36","slug":"kit-de-cirugia-de-implantes-totalmente-guiado","status":"publish","type":"product","link":"https:\/\/yimamedical.com\/productos\/product\/kit-de-cirugia-de-implantes-totalmente-guiado\/","title":{"rendered":"Kit de cirug\u00eda de implantes totalmente guiado"},"content":{"rendered":"<p>El kit incluye:<\/p>\n<p>Taladro plano NP \u00cf3,5\/\u00cf3,75 mm<br \/>\nTaladro plano NP \u00cf4,3\/\u00cf5,0 mm<br \/>\nTaladro piloto de \u00cf2,0\u00d732,3 mm<br \/>\nTaladro piloto de \u00cf2,0\u00d732,8 mm<br \/>\nTaladro piloto de \u00cf2,0\u00d735,3 mm<br \/>\nTaladro piloto de \u00cf2,0\u00d736,8 mm<br \/>\nTaladro piloto de \u00cf2,0\u00d738,3 mm<br \/>\nTaladro piloto de \u00cf2,0\u00d740,3 mm<br \/>\nTaladro de posicionamiento NP \u00cf2,0\/\u00cf2,5\u00d730,8 mm<br \/>\nEscariador NP \u00cf2.4\/\u00cf2.8\u00c331.8mm<br \/>\nEscariador NP \u00cf2.4\/\u00cf2.8\u00c333.3mm<br \/>\nEscariador NP \u00cf2.4\/\u00cf2.8\u00c334.8mm<br \/>\nEscariador NP \u00cf2,4\/\u00cf2,8\u00c336,3 mm<br \/>\nEscariador NP \u00cf2.4\/\u00cf2.8\u00c337.8mm<br \/>\nEscariador NP \u00cf2,4\/\u00cf2,8\u00d739,8 mm<br \/>\nEscariador NP \u00cf2.8\/\u00cf3.2\u00c331.8mm<br \/>\nEscariador NP \u00cf2.8\/\u00cf3.2\u00c333.3mm<br \/>\nEscariador NP \u00cf2.8\/\u00cf3.2\u00c334.8mm<br \/>\nEscariador NP \u00cf2.8\/\u00cf3.2\u00c336.3mm<br \/>\nEscariador NP \u00cf2.8\/\u00cf3.2\u00c337.8mm<br \/>\nEscariador NP \u00cf2.8\/\u00cf3.2\u00c339.8mm<br \/>\nEscariador RP \u00cf3,2\/\u00cf3,6\u00d731,8 mm<br \/>\nEscariador RP \u00cf3,2\/\u00cf3,6\u00d733,3 mm<br \/>\nEscariador RP \u00cf3,2\/\u00cf3,6\u00d734,8 mm<br \/>\nEscariador RP \u00cf3,2\/\u00cf3,6\u00d736,3 mm<br \/>\nEscariador RP \u00cf3,2\/\u00cf3,6\u00d737,8 mm<br \/>\nEscariador RP \u00cf3,2\/\u00cf3,6\u00d739,8 mm<br \/>\nEscariador RP \u00cf3,8\/\u00cf4,2\u00c331,8 mm<br \/>\nEscariador RP \u00cf3,8\/\u00cf4,2\u00d733,3 mm<br \/>\nEscariador RP \u00cf3.8\/\u00cf4.2\u00c334.8mm<br \/>\nEscariador RP \u00cf3,8\/\u00cf4,2\u00c336,3 mm<br \/>\nEscariador RP \u00cf3,8\/\u00cf4,2\u00c337,8 mm<br \/>\nEscariador RP \u00cf3,8\/\u00cf4,2\u00d739,8 mm<br \/>\nEscariador RP \u00cf4.2\/\u00cf4.6\u00c331.8mm<br \/>\nEscariador RP \u00cf4.2\/\u00cf4.6\u00c333.3mm<br \/>\nPerforadora de tejido blando NP de 3,5\/3,75 mm<br \/>\nPerforadora de tejido blando RP de 4,3\/5,0 mm<br \/>\nGu\u00eda de broca NP \u00cf2,0 mm<br \/>\nGu\u00eda de broca RP \u00cf2,0 mm<br \/>\nGu\u00eda de broca RP \u00cf4,1 mm<br \/>\nExtensi\u00f3n de taladro de 25 mm<br \/>\nVarilla de posicionamiento de 1,5 mm de largo<br \/>\nVarilla de posicionamiento corta de 1,5 mm<br \/>\nTaladro de pasador de \u00cf1,5\u00d736 mm<br \/>\nDestornillador de implante RP de 29,5 mm<br \/>\nControlador de implante RP de 32 mm<br \/>\nDestornillador de implante NP de 29,5 mm<br \/>\nDestornillador de implante NP de 32 mm<br \/>\nBroca cortical RP \u00cf4,3\u00d728,5 mm<br \/>\nBroca cortical RP \u00cf5,0\u00c328,5 mm<br \/>\nBroca cortical RP \u00cf3,75\u00d728,5 mm<br \/>\nTaladro roscador RP \u00cf4,3\u00c336 mm<br \/>\nTaladro roscador RP \u00cf5,0\u00c336 mm<br \/>\nTaladro roscador RP \u00cf4,3\u00c332 mm<br \/>\nTaladro roscador RP \u00cf4,3\u00c336 mm<br \/>\nTaladro roscador RP \u00cf5,0\u00c332 mm<br \/>\nTaladro roscador RP \u00cf5,0\u00c336 mm<br \/>\nTaladro roscador DMD \u00cf3,5\u00c336 mm<br \/>\nTaladro roscador DME \u00cf3,75\u00d732 mm<br \/>\nTaladro roscador DME \u00cf3,75\u00d736 mm<br \/>\nDestornillador manual de 22 mm<br \/>\nDestornillador manual de 28 mm<br \/>\nDestornillador mec\u00e1nico de 20 mm<br \/>\nLlave dinamom\u00e9trica \u00cf7\u00c370N<br \/>\nCaja del kit de cirug\u00eda<\/p>\n","protected":false},"excerpt":{"rendered":"<p><strong>Indicaciones<\/strong>: Funciona con implantes DMD\/DME.<\/p>\n<p><strong>Caracter\u00edsticas<\/strong><\/p>\n<p>Garantiza una implantaci\u00f3n segura con una colocaci\u00f3n precisa, lo que reduce el riesgo para los tejidos circundantes.<br \/>\nMinimiza el riesgo de da\u00f1o a los senos nasales y las estructuras nasales durante la cirug\u00eda.<br \/>\nProtege el nervio alveolar inferior para una colocaci\u00f3n precisa del implante.<br \/>\nGarantiza una profundidad y posicionamiento \u00f3ptimos del implante para obtener resultados seguros y eficaces.<br \/>\nMinimiza el tiempo quir\u00fargico y reduce el tiempo de recuperaci\u00f3n del paciente al evitar la creaci\u00f3n de colgajos.<br \/>\nReduce la dependencia de los rayos X intraoperatorios, reduciendo la exposici\u00f3n a la radiaci\u00f3n y simplificando el procedimiento.<\/p>\n","protected":false},"featured_media":6872,"comment_status":"open","ping_status":"closed","template":"","meta":[],"product_brand":[],"product_cat":[86],"product_tag":[97],"class_list":{"0":"post-6871","1":"product","2":"type-product","3":"status-publish","4":"has-post-thumbnail","6":"product_cat-material-dental","7":"product_tag-instrumental-quirurgico","9":"first","10":"instock","11":"shipping-taxable","12":"product-type-simple"},"_links":{"self":[{"href":"https:\/\/yimamedical.com\/productos\/wp-json\/wp\/v2\/product\/6871","targetHints":{"allow":["GET"]}}],"collection":[{"href":"https:\/\/yimamedical.com\/productos\/wp-json\/wp\/v2\/product"}],"about":[{"href":"https:\/\/yimamedical.com\/productos\/wp-json\/wp\/v2\/types\/product"}],"replies":[{"embeddable":true,"href":"https:\/\/yimamedical.com\/productos\/wp-json\/wp\/v2\/comments?post=6871"}],"wp:featuredmedia":[{"embeddable":true,"href":"https:\/\/yimamedical.com\/productos\/wp-json\/wp\/v2\/media\/6872"}],"wp:attachment":[{"href":"https:\/\/yimamedical.com\/productos\/wp-json\/wp\/v2\/media?parent=6871"}],"wp:term":[{"taxonomy":"product_brand","embeddable":true,"href":"https:\/\/yimamedical.com\/productos\/wp-json\/wp\/v2\/product_brand?post=6871"},{"taxonomy":"product_cat","embeddable":true,"href":"https:\/\/yimamedical.com\/productos\/wp-json\/wp\/v2\/product_cat?post=6871"},{"taxonomy":"product_tag","embeddable":true,"href":"https:\/\/yimamedical.com\/productos\/wp-json\/wp\/v2\/product_tag?post=6871"}],"curies":[{"name":"wp","href":"https:\/\/api.w.org\/{rel}","templated":true}]}}