{"id":6888,"date":"2025-08-19T18:07:54","date_gmt":"2025-08-19T18:07:54","guid":{"rendered":"https:\/\/yimamedical.com\/productos\/?post_type=product&#038;p=6888"},"modified":"2025-09-04T23:07:42","modified_gmt":"2025-09-04T23:07:42","slug":"pilar-estetico","status":"publish","type":"product","link":"https:\/\/yimamedical.com\/productos\/product\/pilar-estetico\/","title":{"rendered":"Pilar est\u00e9tico"},"content":{"rendered":"","protected":false},"excerpt":{"rendered":"<p><strong>Material<\/strong>: Titanio (Ti6Al4V ELI)<\/p>\n<p><strong>Especificaciones<\/strong><\/p>\n<p>Pilar est\u00e9tico, 3,0 \u00cf3,9\u00c31,5 mm<\/p>\n<p>Pilar est\u00e9tico, 3,0 \u00cf3,9\u00d73,0 mm<\/p>\n<p>Pilar est\u00e9tico, 3,0 \u00cf3,9\u00d74,5 mm<\/p>\n<p>Pilar est\u00e9tico, NP \u00cf4,4\u00d71,5 mm<br \/>\nPilar est\u00e9tico, NP \u00cf4,4\u00c33,0 mm<\/p>\n<p>Pilar est\u00e9tico,\u00a0NP\u00a0\u00cf4,4\u00d74,5 mm<\/p>\n<p>Pilar est\u00e9tico,\u00a0NP \u00cf4,8\u00d71,5 mm<\/p>\n<p>Pilar est\u00e9tico,\u00a0NP \u00cf4,8\u00d73,0 mm<\/p>\n<p>Pilar est\u00e9tico,\u00a0NP \u00cf4,8\u00d74,5 mm<\/p>\n<p>Pilar est\u00e9tico, RP \u00cf5,0\u00d71,5 mm<\/p>\n<p>Pilar est\u00e9tico, RP \u00cf5,0\u00d73,0 mm<\/p>\n<p>Pilar est\u00e9tico, RP \u00cf5,0\u00d74,5 mm<\/p>\n","protected":false},"featured_media":6889,"comment_status":"open","ping_status":"closed","template":"","meta":[],"product_brand":[],"product_cat":[86],"product_tag":[100],"class_list":{"0":"post-6888","1":"product","2":"type-product","3":"status-publish","4":"has-post-thumbnail","6":"product_cat-material-dental","7":"product_tag-dmd-implant-system","9":"first","10":"instock","11":"shipping-taxable","12":"product-type-simple"},"_links":{"self":[{"href":"https:\/\/yimamedical.com\/productos\/wp-json\/wp\/v2\/product\/6888","targetHints":{"allow":["GET"]}}],"collection":[{"href":"https:\/\/yimamedical.com\/productos\/wp-json\/wp\/v2\/product"}],"about":[{"href":"https:\/\/yimamedical.com\/productos\/wp-json\/wp\/v2\/types\/product"}],"replies":[{"embeddable":true,"href":"https:\/\/yimamedical.com\/productos\/wp-json\/wp\/v2\/comments?post=6888"}],"wp:featuredmedia":[{"embeddable":true,"href":"https:\/\/yimamedical.com\/productos\/wp-json\/wp\/v2\/media\/6889"}],"wp:attachment":[{"href":"https:\/\/yimamedical.com\/productos\/wp-json\/wp\/v2\/media?parent=6888"}],"wp:term":[{"taxonomy":"product_brand","embeddable":true,"href":"https:\/\/yimamedical.com\/productos\/wp-json\/wp\/v2\/product_brand?post=6888"},{"taxonomy":"product_cat","embeddable":true,"href":"https:\/\/yimamedical.com\/productos\/wp-json\/wp\/v2\/product_cat?post=6888"},{"taxonomy":"product_tag","embeddable":true,"href":"https:\/\/yimamedical.com\/productos\/wp-json\/wp\/v2\/product_tag?post=6888"}],"curies":[{"name":"wp","href":"https:\/\/api.w.org\/{rel}","templated":true}]}}