{"id":6898,"date":"2025-08-19T22:37:11","date_gmt":"2025-08-19T22:37:11","guid":{"rendered":"https:\/\/yimamedical.com\/productos\/?post_type=product&#038;p=6898"},"modified":"2025-09-04T23:00:36","modified_gmt":"2025-09-04T23:00:36","slug":"tapa-de-cicatrizacion-ancha-varias-unidades","status":"publish","type":"product","link":"https:\/\/yimamedical.com\/productos\/product\/tapa-de-cicatrizacion-ancha-varias-unidades\/","title":{"rendered":"Tapa de cicatrizaci\u00f3n ancha, varias unidades"},"content":{"rendered":"","protected":false},"excerpt":{"rendered":"<div class=\"main\">\n<p><strong>Indicaciones<\/strong>: Funciona con Multi-unit Abutment o Multi-unit Abutment Plus.<\/p>\n<p><strong>Material<\/strong>: Aleaci\u00f3n de titanio (Ti6Al4V ELI)<\/p>\n<p><strong>Especificaciones<\/strong><\/p>\n<p>Casquillo de cicatrizaci\u00f3n ancho, multiunidad, \u00cf7,0\u00c34,1 mm<\/p>\n<p>Tapa de cicatrizaci\u00f3n ancha para m\u00faltiples unidades, \u00cf7,0\u00d75,5 mm<\/p>\n<\/div>\n<div class=\"pro-table clearfix\">\n<p>&nbsp;<\/p>\n<\/div>\n","protected":false},"featured_media":6899,"comment_status":"open","ping_status":"closed","template":"","meta":[],"product_brand":[],"product_cat":[86],"product_tag":[100],"class_list":{"0":"post-6898","1":"product","2":"type-product","3":"status-publish","4":"has-post-thumbnail","6":"product_cat-material-dental","7":"product_tag-dmd-implant-system","9":"first","10":"instock","11":"shipping-taxable","12":"product-type-simple"},"_links":{"self":[{"href":"https:\/\/yimamedical.com\/productos\/wp-json\/wp\/v2\/product\/6898","targetHints":{"allow":["GET"]}}],"collection":[{"href":"https:\/\/yimamedical.com\/productos\/wp-json\/wp\/v2\/product"}],"about":[{"href":"https:\/\/yimamedical.com\/productos\/wp-json\/wp\/v2\/types\/product"}],"replies":[{"embeddable":true,"href":"https:\/\/yimamedical.com\/productos\/wp-json\/wp\/v2\/comments?post=6898"}],"wp:featuredmedia":[{"embeddable":true,"href":"https:\/\/yimamedical.com\/productos\/wp-json\/wp\/v2\/media\/6899"}],"wp:attachment":[{"href":"https:\/\/yimamedical.com\/productos\/wp-json\/wp\/v2\/media?parent=6898"}],"wp:term":[{"taxonomy":"product_brand","embeddable":true,"href":"https:\/\/yimamedical.com\/productos\/wp-json\/wp\/v2\/product_brand?post=6898"},{"taxonomy":"product_cat","embeddable":true,"href":"https:\/\/yimamedical.com\/productos\/wp-json\/wp\/v2\/product_cat?post=6898"},{"taxonomy":"product_tag","embeddable":true,"href":"https:\/\/yimamedical.com\/productos\/wp-json\/wp\/v2\/product_tag?post=6898"}],"curies":[{"name":"wp","href":"https:\/\/api.w.org\/{rel}","templated":true}]}}