{"id":6900,"date":"2025-08-19T22:39:25","date_gmt":"2025-08-19T22:39:25","guid":{"rendered":"https:\/\/yimamedical.com\/productos\/?post_type=product&#038;p=6900"},"modified":"2025-09-04T22:59:46","modified_gmt":"2025-09-04T22:59:46","slug":"ataque-rapido-temporal-de-unidades-multiples","status":"publish","type":"product","link":"https:\/\/yimamedical.com\/productos\/product\/ataque-rapido-temporal-de-unidades-multiples\/","title":{"rendered":"Ataque r\u00e1pido temporal de unidades m\u00faltiples"},"content":{"rendered":"","protected":false},"excerpt":{"rendered":"<p><strong>Indicaci\u00f3n<\/strong>:<strong>\u00a0<\/strong>Para Multi-unit Abutment Plus.<\/p>\n<p><strong>Material<\/strong>: Aleaci\u00f3n de titanio (Ti6Al4V ELI)<\/p>\n<p><strong>Especificaciones<\/strong><\/p>\n<p>Longitud del pilar: 1,5 mm<\/p>\n<p>Altura del pilar: 10 mm<\/p>\n<p>Productos:<\/p>\n<p>Afrontamiento r\u00e1pido temporal atractivo<br \/>\nAfrontamiento temporal No comprometido<\/p>\n","protected":false},"featured_media":6901,"comment_status":"open","ping_status":"closed","template":"","meta":[],"product_brand":[],"product_cat":[86],"product_tag":[100],"class_list":{"0":"post-6900","1":"product","2":"type-product","3":"status-publish","4":"has-post-thumbnail","6":"product_cat-material-dental","7":"product_tag-dmd-implant-system","9":"first","10":"instock","11":"shipping-taxable","12":"product-type-simple"},"_links":{"self":[{"href":"https:\/\/yimamedical.com\/productos\/wp-json\/wp\/v2\/product\/6900","targetHints":{"allow":["GET"]}}],"collection":[{"href":"https:\/\/yimamedical.com\/productos\/wp-json\/wp\/v2\/product"}],"about":[{"href":"https:\/\/yimamedical.com\/productos\/wp-json\/wp\/v2\/types\/product"}],"replies":[{"embeddable":true,"href":"https:\/\/yimamedical.com\/productos\/wp-json\/wp\/v2\/comments?post=6900"}],"wp:featuredmedia":[{"embeddable":true,"href":"https:\/\/yimamedical.com\/productos\/wp-json\/wp\/v2\/media\/6901"}],"wp:attachment":[{"href":"https:\/\/yimamedical.com\/productos\/wp-json\/wp\/v2\/media?parent=6900"}],"wp:term":[{"taxonomy":"product_brand","embeddable":true,"href":"https:\/\/yimamedical.com\/productos\/wp-json\/wp\/v2\/product_brand?post=6900"},{"taxonomy":"product_cat","embeddable":true,"href":"https:\/\/yimamedical.com\/productos\/wp-json\/wp\/v2\/product_cat?post=6900"},{"taxonomy":"product_tag","embeddable":true,"href":"https:\/\/yimamedical.com\/productos\/wp-json\/wp\/v2\/product_tag?post=6900"}],"curies":[{"name":"wp","href":"https:\/\/api.w.org\/{rel}","templated":true}]}}