{"id":6916,"date":"2025-08-19T22:52:19","date_gmt":"2025-08-19T22:52:19","guid":{"rendered":"https:\/\/yimamedical.com\/productos\/?post_type=product&#038;p=6916"},"modified":"2025-09-04T22:51:31","modified_gmt":"2025-09-04T22:51:31","slug":"bandeja-cerrada-para-cofia-de-impresion","status":"publish","type":"product","link":"https:\/\/yimamedical.com\/productos\/product\/bandeja-cerrada-para-cofia-de-impresion\/","title":{"rendered":"Bandeja cerrada para cofia de impresi\u00f3n"},"content":{"rendered":"","protected":false},"excerpt":{"rendered":"<p><strong>Indicaci\u00f3n:\u00a0<\/strong>Unidad \u00fanica<\/p>\n<p><strong>Material<\/strong>: Titanio (Ti6Al4V ELI)<\/p>\n<p><strong>Especificaciones<\/strong><\/p>\n<p>Bandeja cerrada de cofia de impresi\u00f3n, RP \u00cf3,6\u00c39 mm<\/p>\n<p>Bandeja cerrada de cofia de impresi\u00f3n, RP\u00a0\u00cf3,6\u00d713 mm<\/p>\n<p>Bandeja cerrada de cofia de impresi\u00f3n, RP\u00a0\u00cf5,0\u00c39 mm<\/p>\n<p>&nbsp;<\/p>\n<p>Bandeja cerrada para cofia de impresi\u00f3n, RP \u00cf5,0\u00d713 mm<\/p>\n<p>Bandeja cerrada de cofia de impresi\u00f3n, RP \u00cf6,0\u00c39 mm<\/p>\n<p>Bandeja cerrada de cofia de impresi\u00f3n, RP \u00cf6,0\u00c313 mm<\/p>\n","protected":false},"featured_media":6917,"comment_status":"open","ping_status":"closed","template":"","meta":[],"product_brand":[],"product_cat":[86],"product_tag":[100],"class_list":{"0":"post-6916","1":"product","2":"type-product","3":"status-publish","4":"has-post-thumbnail","6":"product_cat-material-dental","7":"product_tag-dmd-implant-system","9":"first","10":"instock","11":"shipping-taxable","12":"product-type-simple"},"_links":{"self":[{"href":"https:\/\/yimamedical.com\/productos\/wp-json\/wp\/v2\/product\/6916","targetHints":{"allow":["GET"]}}],"collection":[{"href":"https:\/\/yimamedical.com\/productos\/wp-json\/wp\/v2\/product"}],"about":[{"href":"https:\/\/yimamedical.com\/productos\/wp-json\/wp\/v2\/types\/product"}],"replies":[{"embeddable":true,"href":"https:\/\/yimamedical.com\/productos\/wp-json\/wp\/v2\/comments?post=6916"}],"wp:featuredmedia":[{"embeddable":true,"href":"https:\/\/yimamedical.com\/productos\/wp-json\/wp\/v2\/media\/6917"}],"wp:attachment":[{"href":"https:\/\/yimamedical.com\/productos\/wp-json\/wp\/v2\/media?parent=6916"}],"wp:term":[{"taxonomy":"product_brand","embeddable":true,"href":"https:\/\/yimamedical.com\/productos\/wp-json\/wp\/v2\/product_brand?post=6916"},{"taxonomy":"product_cat","embeddable":true,"href":"https:\/\/yimamedical.com\/productos\/wp-json\/wp\/v2\/product_cat?post=6916"},{"taxonomy":"product_tag","embeddable":true,"href":"https:\/\/yimamedical.com\/productos\/wp-json\/wp\/v2\/product_tag?post=6916"}],"curies":[{"name":"wp","href":"https:\/\/api.w.org\/{rel}","templated":true}]}}