{"id":6919,"date":"2025-08-19T22:54:01","date_gmt":"2025-08-19T22:54:01","guid":{"rendered":"https:\/\/yimamedical.com\/productos\/?post_type=product&#038;p=6919"},"modified":"2025-09-04T22:50:05","modified_gmt":"2025-09-04T22:50:05","slug":"bandeja-abierta-para-cofia-de-impresion","status":"publish","type":"product","link":"https:\/\/yimamedical.com\/productos\/product\/bandeja-abierta-para-cofia-de-impresion\/","title":{"rendered":"Bandeja abierta para cofia de impresi\u00f3n"},"content":{"rendered":"","protected":false},"excerpt":{"rendered":"<p><strong>Indicaci\u00f3n:\u00a0<\/strong>Unidad \u00fanica<\/p>\n<p><strong>Material<\/strong>: Aleaci\u00f3n de titanio (Ti6Al4V ELI)<\/p>\n<p><strong>Especificaciones<\/strong><\/p>\n<p>Bandeja abierta para cofia de impresi\u00f3n, NP \u00cf3,6\u00c310 mm<\/p>\n<p>Bandeja abierta para cofia de impresi\u00f3n, NP\u00a0\u00cf3,6\u00d714 mm<\/p>\n<p>Bandeja abierta para cofia de impresi\u00f3n, NP\u00a0\u00cf4,4\u00d710 mm<\/p>\n<p>Bandeja abierta para cofia de impresi\u00f3n, NP\u00a0\u00cf4,4\u00d714 mm<\/p>\n<p>Bandeja abierta para cofia de impresi\u00f3n, NP \u00cf5,0\u00c310 mm<\/p>\n<p>Bandeja abierta para coping de impresi\u00f3n, NP \u00cf5,0\u00c314 mm<\/p>\n","protected":false},"featured_media":6920,"comment_status":"open","ping_status":"closed","template":"","meta":[],"product_brand":[],"product_cat":[86],"product_tag":[100],"class_list":{"0":"post-6919","1":"product","2":"type-product","3":"status-publish","4":"has-post-thumbnail","6":"product_cat-material-dental","7":"product_tag-dmd-implant-system","9":"first","10":"instock","11":"shipping-taxable","12":"product-type-simple"},"_links":{"self":[{"href":"https:\/\/yimamedical.com\/productos\/wp-json\/wp\/v2\/product\/6919","targetHints":{"allow":["GET"]}}],"collection":[{"href":"https:\/\/yimamedical.com\/productos\/wp-json\/wp\/v2\/product"}],"about":[{"href":"https:\/\/yimamedical.com\/productos\/wp-json\/wp\/v2\/types\/product"}],"replies":[{"embeddable":true,"href":"https:\/\/yimamedical.com\/productos\/wp-json\/wp\/v2\/comments?post=6919"}],"wp:featuredmedia":[{"embeddable":true,"href":"https:\/\/yimamedical.com\/productos\/wp-json\/wp\/v2\/media\/6920"}],"wp:attachment":[{"href":"https:\/\/yimamedical.com\/productos\/wp-json\/wp\/v2\/media?parent=6919"}],"wp:term":[{"taxonomy":"product_brand","embeddable":true,"href":"https:\/\/yimamedical.com\/productos\/wp-json\/wp\/v2\/product_brand?post=6919"},{"taxonomy":"product_cat","embeddable":true,"href":"https:\/\/yimamedical.com\/productos\/wp-json\/wp\/v2\/product_cat?post=6919"},{"taxonomy":"product_tag","embeddable":true,"href":"https:\/\/yimamedical.com\/productos\/wp-json\/wp\/v2\/product_tag?post=6919"}],"curies":[{"name":"wp","href":"https:\/\/api.w.org\/{rel}","templated":true}]}}