{"id":6953,"date":"2025-08-20T19:56:34","date_gmt":"2025-08-20T19:56:34","guid":{"rendered":"https:\/\/yimamedical.com\/productos\/?post_type=product&#038;p=6953"},"modified":"2025-09-04T22:37:02","modified_gmt":"2025-09-04T22:37:02","slug":"kit-de-instrumentos-de-protesis","status":"publish","type":"product","link":"https:\/\/yimamedical.com\/productos\/product\/kit-de-instrumentos-de-protesis\/","title":{"rendered":"Kit de instrumentos de pr\u00f3tesis"},"content":{"rendered":"","protected":false},"excerpt":{"rendered":"<p><strong>Indicaciones<\/strong>: El kit de instrumentos prot\u00e9sicos funciona con nuestro sistema de implantes DMD y DME.<\/p>\n<p><strong>El kit incluye<\/strong>:<br \/>\nM\u00e1quina\u00a0Destornillador, 20 mm<br \/>\nM\u00e1quina\u00a0Destornillador,\u00a030 mm<br \/>\nM\u00e1quina MUA\u00a0Destornillador, 19 mm<br \/>\nLlave dinamom\u00e9trica manual quir\u00fargica, \u00ce\u00a67\u00c370N<br \/>\nAdaptador de llave dinamom\u00e9trica, \u00ce\u00a67&#215;13 mm<br \/>\nCaja de kit de pr\u00f3tesis<\/p>\n","protected":false},"featured_media":6954,"comment_status":"open","ping_status":"closed","template":"","meta":[],"product_brand":[],"product_cat":[86],"product_tag":[97],"class_list":{"0":"post-6953","1":"product","2":"type-product","3":"status-publish","4":"has-post-thumbnail","6":"product_cat-material-dental","7":"product_tag-instrumental-quirurgico","9":"first","10":"instock","11":"shipping-taxable","12":"product-type-simple"},"_links":{"self":[{"href":"https:\/\/yimamedical.com\/productos\/wp-json\/wp\/v2\/product\/6953","targetHints":{"allow":["GET"]}}],"collection":[{"href":"https:\/\/yimamedical.com\/productos\/wp-json\/wp\/v2\/product"}],"about":[{"href":"https:\/\/yimamedical.com\/productos\/wp-json\/wp\/v2\/types\/product"}],"replies":[{"embeddable":true,"href":"https:\/\/yimamedical.com\/productos\/wp-json\/wp\/v2\/comments?post=6953"}],"wp:featuredmedia":[{"embeddable":true,"href":"https:\/\/yimamedical.com\/productos\/wp-json\/wp\/v2\/media\/6954"}],"wp:attachment":[{"href":"https:\/\/yimamedical.com\/productos\/wp-json\/wp\/v2\/media?parent=6953"}],"wp:term":[{"taxonomy":"product_brand","embeddable":true,"href":"https:\/\/yimamedical.com\/productos\/wp-json\/wp\/v2\/product_brand?post=6953"},{"taxonomy":"product_cat","embeddable":true,"href":"https:\/\/yimamedical.com\/productos\/wp-json\/wp\/v2\/product_cat?post=6953"},{"taxonomy":"product_tag","embeddable":true,"href":"https:\/\/yimamedical.com\/productos\/wp-json\/wp\/v2\/product_tag?post=6953"}],"curies":[{"name":"wp","href":"https:\/\/api.w.org\/{rel}","templated":true}]}}