{"id":6974,"date":"2025-08-22T17:37:11","date_gmt":"2025-08-22T17:37:11","guid":{"rendered":"https:\/\/yimamedical.com\/productos\/?post_type=product&#038;p=6974"},"modified":"2025-09-04T22:26:26","modified_gmt":"2025-09-04T22:26:26","slug":"kit-de-elevacion-de-seno-crestal","status":"publish","type":"product","link":"https:\/\/yimamedical.com\/productos\/product\/kit-de-elevacion-de-seno-crestal\/","title":{"rendered":"Kit de elevaci\u00f3n de seno crestal"},"content":{"rendered":"<p><img decoding=\"async\" src=\"https:\/\/es.doublemedicalgp.com\/js\/htmledit\/kindeditor\/attached\/20241115\/20241115162800_56268.jpg\" \/><img decoding=\"async\" src=\"https:\/\/es.doublemedicalgp.com\/js\/htmledit\/kindeditor\/attached\/20241115\/20241115162812_82697.jpg\" \/><\/p>\n","protected":false},"excerpt":{"rendered":"<p><strong>Indicaciones<\/strong><\/p>\n<p>Se utiliza para elevar el seno maxilar crestal durante la cirug\u00eda de implantes dentales.<\/p>\n<p><strong>Caracter\u00edsticas<\/strong><\/p>\n<p>Seguro:<\/p>\n<p>Dise\u00f1o superior esf\u00e9rico suave, m\u00e1s seguro para moler y extraer huesos rotativos.<\/p>\n<p>Todos los instrumentos se pueden detener y se garantiza la profundidad operativa.<br \/>\n(excepto transportadores manuales de polvo de huesos)<br \/>\nM\u00e1s cient\u00edfico:<\/p>\n<p>Distribuci\u00f3n m\u00e1s uniforme del polvo de hueso, lo que reduce cient\u00edficamente la presi\u00f3n de los senos nasales.<\/p>\n<p><strong>El kit incluye:<\/strong><\/p>\n<p>Taladro piloto de velocidad, \u00cf2.0\u00c331.5mm<\/p>\n<p>Elevador de seno,\u00a0\u00cf2,4 mm<\/p>\n<p>Elevador de seno, \u00cf2,8 mm<\/p>\n<p>Elevador de seno,\u00a0\u00cf3,2mm<\/p>\n<p>Elevador de seno,\u00a0\u00cf3,6mm<\/p>\n<p>Alimentadores dentales,\u00a0\u00cf1,0\/\u00cf2,2 mm<\/p>\n<p>Alimentadores dentales,\u00a0\u00cf3,1mm<\/p>\n<p>Alimentadores dentales,\u00a0\u00cf2,7 mm<\/p>\n<p>Regla para medir profundidad, \u00cf2,8 mm<\/p>\n<p>Entrega de harina de huesos, 0,05 CC<\/p>\n<p>Alimentadores dentales,\u00a0\u00cf2,7 mm<\/p>\n<p>Tap\u00f3n, \u00cf4\u00c32mm<br \/>\nTap\u00f3n, \u00cf4\u00c33mm<br \/>\nTap\u00f3n, \u00cf4\u00c34mm<br \/>\nTap\u00f3n, \u00cf4\u00c35mm<br \/>\nTap\u00f3n, \u00cf4\u00c36mm<br \/>\nTap\u00f3n, \u00cf4\u00c37mm<br \/>\nTap\u00f3n, \u00cf4\u00c38mm<br \/>\nTap\u00f3n, \u00cf4\u00c39mm<\/p>\n<p>Tap\u00f3n, \u00cf4\u00c310mm<\/p>\n<p>Tap\u00f3n, \u00cf4\u00c311mm<\/p>\n<p>Caja del kit de elevaci\u00f3n de seno crestal<\/p>\n","protected":false},"featured_media":6975,"comment_status":"open","ping_status":"closed","template":"","meta":[],"product_brand":[],"product_cat":[86],"product_tag":[97],"class_list":{"0":"post-6974","1":"product","2":"type-product","3":"status-publish","4":"has-post-thumbnail","6":"product_cat-material-dental","7":"product_tag-instrumental-quirurgico","9":"first","10":"instock","11":"shipping-taxable","12":"product-type-simple"},"_links":{"self":[{"href":"https:\/\/yimamedical.com\/productos\/wp-json\/wp\/v2\/product\/6974","targetHints":{"allow":["GET"]}}],"collection":[{"href":"https:\/\/yimamedical.com\/productos\/wp-json\/wp\/v2\/product"}],"about":[{"href":"https:\/\/yimamedical.com\/productos\/wp-json\/wp\/v2\/types\/product"}],"replies":[{"embeddable":true,"href":"https:\/\/yimamedical.com\/productos\/wp-json\/wp\/v2\/comments?post=6974"}],"wp:featuredmedia":[{"embeddable":true,"href":"https:\/\/yimamedical.com\/productos\/wp-json\/wp\/v2\/media\/6975"}],"wp:attachment":[{"href":"https:\/\/yimamedical.com\/productos\/wp-json\/wp\/v2\/media?parent=6974"}],"wp:term":[{"taxonomy":"product_brand","embeddable":true,"href":"https:\/\/yimamedical.com\/productos\/wp-json\/wp\/v2\/product_brand?post=6974"},{"taxonomy":"product_cat","embeddable":true,"href":"https:\/\/yimamedical.com\/productos\/wp-json\/wp\/v2\/product_cat?post=6974"},{"taxonomy":"product_tag","embeddable":true,"href":"https:\/\/yimamedical.com\/productos\/wp-json\/wp\/v2\/product_tag?post=6974"}],"curies":[{"name":"wp","href":"https:\/\/api.w.org\/{rel}","templated":true}]}}