{"id":6980,"date":"2025-08-22T17:44:27","date_gmt":"2025-08-22T17:44:27","guid":{"rendered":"https:\/\/yimamedical.com\/productos\/?post_type=product&#038;p=6980"},"modified":"2025-09-04T22:25:08","modified_gmt":"2025-09-04T22:25:08","slug":"sistema-de-tornillos-de-anclaje-de-acero-inoxidable","status":"publish","type":"product","link":"https:\/\/yimamedical.com\/productos\/product\/sistema-de-tornillos-de-anclaje-de-acero-inoxidable\/","title":{"rendered":"Sistema de tornillos de anclaje de acero inoxidable"},"content":{"rendered":"<p><img decoding=\"async\" src=\"https:\/\/es.doublemedicalgp.com\/js\/htmledit\/kindeditor\/attached\/20241112\/20241112160139_67475.jpg\" \/><\/p>\n<p><img decoding=\"async\" src=\"https:\/\/es.doublemedicalgp.com\/js\/htmledit\/kindeditor\/attached\/20241112\/20241112160139_67475.jpg\" \/><\/p>\n","protected":false},"excerpt":{"rendered":"<p><strong>Indicaciones<\/strong><\/p>\n<p>El tornillo de anclaje es un accesorio fijo implantado en el maxilar y la mand\u00edbula para ayudar en la ortodoncia<br \/>\ntratamiento produciendo una fuerza contraria que resiste el movimiento de los dientes.<\/p>\n<p><strong>Caracter\u00edsticas<\/strong><\/p>\n<p>El cuello liso evita perforar la mucosa bucal para la suspensi\u00f3n de los resortes tensores y las cadenas de goma.<\/p>\n<p>La cabeza suave reduce la sensaci\u00f3n de cuerpo extra\u00f1o.<\/p>\n<p>Los alambres de ortodoncia son f\u00e1ciles de intercalar con el dise\u00f1o del orificio de ligadura.<\/p>\n<p>El cuello gingival liso evita que las bacterias se reproduzcan.<\/p>\n<p>El tap\u00f3n de presurizaci\u00f3n del tejido previene la hiperplasia tisular de forma eficaz.<\/p>\n<p>Mejor biocompatibilidad con el acero inoxidable.<\/p>\n<p>El dise\u00f1o c\u00f3nico mejora la estabilidad inicial.<\/p>\n<p>Dise\u00f1o de punta roscada para una f\u00e1cil implantaci\u00f3n.<\/p>\n<p><strong>Especificaciones:<\/strong><\/p>\n<p>Tornillo de anclaje, \u00d0\u00a41,4\u00c36mm<br \/>\nTornillo de anclaje, \u00d0\u00a41,4\u00c38mm<br \/>\nTornillo de anclaje, \u00d0\u00a41,4\u00c310mm<br \/>\nTornillo de anclaje, \u00d0\u00a41,4\u00c312mm<br \/>\nTornillo de anclaje, \u00d0\u00a41,6\u00c36mm<br \/>\nTornillo de anclaje, \u00d0\u00a41,6\u00c38mm<br \/>\nTornillo de anclaje, \u00d0\u00a41,6\u00d710 mm<br \/>\nTornillo de anclaje, \u00d0\u00a41,6\u00c312mm<br \/>\nTornillo de anclaje, \u00d0\u00a41,8\u00c36mm<br \/>\nTornillo de anclaje, \u00d0\u00a41,8\u00c38mm<br \/>\nTornillo de anclaje, \u00d0\u00a41,8\u00c310mm<br \/>\nTornillo de anclaje, \u00d0\u00a41,8\u00c312mm<br \/>\nTornillo de anclaje, \u00d0\u00a42,0\u00c36mm<br \/>\nTornillo de anclaje, \u00d0\u00a42,0\u00c38mm<br \/>\nTornillo de anclaje, \u00d0\u00a42,0\u00c310mm<br \/>\nTornillo de anclaje, \u00d0\u00a42.0\u00c312mm<\/p>\n","protected":false},"featured_media":6981,"comment_status":"open","ping_status":"closed","template":"","meta":[],"product_brand":[],"product_cat":[86],"product_tag":[99],"class_list":{"0":"post-6980","1":"product","2":"type-product","3":"status-publish","4":"has-post-thumbnail","6":"product_cat-material-dental","7":"product_tag-sistema-de-ortodoncia","9":"first","10":"instock","11":"shipping-taxable","12":"product-type-simple"},"_links":{"self":[{"href":"https:\/\/yimamedical.com\/productos\/wp-json\/wp\/v2\/product\/6980","targetHints":{"allow":["GET"]}}],"collection":[{"href":"https:\/\/yimamedical.com\/productos\/wp-json\/wp\/v2\/product"}],"about":[{"href":"https:\/\/yimamedical.com\/productos\/wp-json\/wp\/v2\/types\/product"}],"replies":[{"embeddable":true,"href":"https:\/\/yimamedical.com\/productos\/wp-json\/wp\/v2\/comments?post=6980"}],"wp:featuredmedia":[{"embeddable":true,"href":"https:\/\/yimamedical.com\/productos\/wp-json\/wp\/v2\/media\/6981"}],"wp:attachment":[{"href":"https:\/\/yimamedical.com\/productos\/wp-json\/wp\/v2\/media?parent=6980"}],"wp:term":[{"taxonomy":"product_brand","embeddable":true,"href":"https:\/\/yimamedical.com\/productos\/wp-json\/wp\/v2\/product_brand?post=6980"},{"taxonomy":"product_cat","embeddable":true,"href":"https:\/\/yimamedical.com\/productos\/wp-json\/wp\/v2\/product_cat?post=6980"},{"taxonomy":"product_tag","embeddable":true,"href":"https:\/\/yimamedical.com\/productos\/wp-json\/wp\/v2\/product_tag?post=6980"}],"curies":[{"name":"wp","href":"https:\/\/api.w.org\/{rel}","templated":true}]}}