{"id":6998,"date":"2025-08-22T17:59:58","date_gmt":"2025-08-22T17:59:58","guid":{"rendered":"https:\/\/yimamedical.com\/productos\/?post_type=product&#038;p=6998"},"modified":"2025-09-04T22:17:43","modified_gmt":"2025-09-04T22:17:43","slug":"tornillo-de-ortodoncia","status":"publish","type":"product","link":"https:\/\/yimamedical.com\/productos\/product\/tornillo-de-ortodoncia\/","title":{"rendered":"Tornillo de ortodoncia"},"content":{"rendered":"<p>Tornillo de ortodoncia DentalMaster: una herramienta revolucionaria dise\u00f1ada para reposicionar sin esfuerzo los dientes mal ubicados, ofreciendo una experiencia de tratamiento f\u00e1cil, r\u00e1pida y segura. Fabricado con titanio de primera calidad, este tornillo asegura m\u00ednimas posibilidades de fractura durante la implantaci\u00f3n, lo que garantiza una durabilidad y confiabilidad \u00f3ptimas. La punta autorroscante y autoperforante no solo mejora la precisi\u00f3n, sino que tambi\u00e9n proporciona una comodidad incomparable tanto para los pacientes como para los m\u00e9dicos.<\/p>\n<p>Un componente esencial para los procedimientos de ortodoncia, el minitornillo de ortodoncia reubica efectivamente los dientes desalineados en una posici\u00f3n m\u00e1s favorable. Situada entre la enc\u00eda y el hueso de la mand\u00edbula, sirve como un ancla estable y fiable. Con varios nombres, como microtornillos, miniimplantes o dispositivos de anclaje temporal (TAD), sigue siendo una herramienta vers\u00e1til e indispensable en la ortodoncia moderna.<\/p>\n","protected":false},"excerpt":{"rendered":"<p>Tornillo de anclaje, Tornillo de<br \/>\nanclaje de 1,4 \u00d7 9 mm<br \/>\n, Tornillo de anclaje de 1,4 \u00d7 11 mm<br \/>\n, Tornillo de anclaje de 1,4 \u00d7 13 mm,<br \/>\nTornillo de anclaje de 1,6 \u00d7 9 mm, Tornillo de anclaje de 1,6 \u00d7 11 mm<br \/>\n, Tornillo de anclaje de 1,6 \u00d7 13<br \/>\nmm ,<br \/>\nTornillo de anclaje de 1,8 \u00d7 9 mm, Tornillo de<br \/>\nanclaje de 1,8 \u00d7 11 mm<br \/>\n, Tornillo de anclaje de 1,8 \u00d7 13 mm, Tornillo de anclaje de 2,0 \u00d7 9 mm<br \/>\n, Tornillo de anclaje de 2,0 \u00d7 11 mm<br \/>\n, Tornillo de anclaje de 2,0 \u00d7 13 mm<br \/>\n, 2 0,0 \u00d7 15 mm<\/p>\n","protected":false},"featured_media":6999,"comment_status":"open","ping_status":"closed","template":"","meta":[],"product_brand":[],"product_cat":[86],"product_tag":[99],"class_list":{"0":"post-6998","1":"product","2":"type-product","3":"status-publish","4":"has-post-thumbnail","6":"product_cat-material-dental","7":"product_tag-sistema-de-ortodoncia","9":"first","10":"instock","11":"shipping-taxable","12":"product-type-simple"},"_links":{"self":[{"href":"https:\/\/yimamedical.com\/productos\/wp-json\/wp\/v2\/product\/6998","targetHints":{"allow":["GET"]}}],"collection":[{"href":"https:\/\/yimamedical.com\/productos\/wp-json\/wp\/v2\/product"}],"about":[{"href":"https:\/\/yimamedical.com\/productos\/wp-json\/wp\/v2\/types\/product"}],"replies":[{"embeddable":true,"href":"https:\/\/yimamedical.com\/productos\/wp-json\/wp\/v2\/comments?post=6998"}],"wp:featuredmedia":[{"embeddable":true,"href":"https:\/\/yimamedical.com\/productos\/wp-json\/wp\/v2\/media\/6999"}],"wp:attachment":[{"href":"https:\/\/yimamedical.com\/productos\/wp-json\/wp\/v2\/media?parent=6998"}],"wp:term":[{"taxonomy":"product_brand","embeddable":true,"href":"https:\/\/yimamedical.com\/productos\/wp-json\/wp\/v2\/product_brand?post=6998"},{"taxonomy":"product_cat","embeddable":true,"href":"https:\/\/yimamedical.com\/productos\/wp-json\/wp\/v2\/product_cat?post=6998"},{"taxonomy":"product_tag","embeddable":true,"href":"https:\/\/yimamedical.com\/productos\/wp-json\/wp\/v2\/product_tag?post=6998"}],"curies":[{"name":"wp","href":"https:\/\/api.w.org\/{rel}","templated":true}]}}