{"id":7017,"date":"2025-08-22T18:10:16","date_gmt":"2025-08-22T18:10:16","guid":{"rendered":"https:\/\/yimamedical.com\/productos\/?post_type=product&#038;p=7017"},"modified":"2025-09-04T22:08:00","modified_gmt":"2025-09-04T22:08:00","slug":"sistema-de-restauracion-protesica-multidental","status":"publish","type":"product","link":"https:\/\/yimamedical.com\/productos\/product\/sistema-de-restauracion-protesica-multidental\/","title":{"rendered":"Sistema de restauraci\u00f3n prot\u00e9sica multidental"},"content":{"rendered":"<p><img decoding=\"async\" src=\"https:\/\/es.doublemedicalgp.com\/js\/htmledit\/kindeditor\/attached\/20211017\/20211017093839_11928.jpg\" \/><\/p>\n","protected":false},"excerpt":{"rendered":"<p>Para el sistema de restauraci\u00f3n prot\u00e9sica multidental tenemos pilar de cicatrizaci\u00f3n, tornillo de cierre, pilar est\u00e9tico y pilar provisional<\/p>\n","protected":false},"featured_media":7018,"comment_status":"open","ping_status":"closed","template":"","meta":[],"product_brand":[],"product_cat":[86],"product_tag":[96],"class_list":{"0":"post-7017","1":"product","2":"type-product","3":"status-publish","4":"has-post-thumbnail","6":"product_cat-material-dental","7":"product_tag-sistema-de-restauracion-protesica","9":"first","10":"instock","11":"shipping-taxable","12":"product-type-simple"},"_links":{"self":[{"href":"https:\/\/yimamedical.com\/productos\/wp-json\/wp\/v2\/product\/7017","targetHints":{"allow":["GET"]}}],"collection":[{"href":"https:\/\/yimamedical.com\/productos\/wp-json\/wp\/v2\/product"}],"about":[{"href":"https:\/\/yimamedical.com\/productos\/wp-json\/wp\/v2\/types\/product"}],"replies":[{"embeddable":true,"href":"https:\/\/yimamedical.com\/productos\/wp-json\/wp\/v2\/comments?post=7017"}],"wp:featuredmedia":[{"embeddable":true,"href":"https:\/\/yimamedical.com\/productos\/wp-json\/wp\/v2\/media\/7018"}],"wp:attachment":[{"href":"https:\/\/yimamedical.com\/productos\/wp-json\/wp\/v2\/media?parent=7017"}],"wp:term":[{"taxonomy":"product_brand","embeddable":true,"href":"https:\/\/yimamedical.com\/productos\/wp-json\/wp\/v2\/product_brand?post=7017"},{"taxonomy":"product_cat","embeddable":true,"href":"https:\/\/yimamedical.com\/productos\/wp-json\/wp\/v2\/product_cat?post=7017"},{"taxonomy":"product_tag","embeddable":true,"href":"https:\/\/yimamedical.com\/productos\/wp-json\/wp\/v2\/product_tag?post=7017"}],"curies":[{"name":"wp","href":"https:\/\/api.w.org\/{rel}","templated":true}]}}