{"id":7019,"date":"2025-08-22T18:12:01","date_gmt":"2025-08-22T18:12:01","guid":{"rendered":"https:\/\/yimamedical.com\/productos\/?post_type=product&#038;p=7019"},"modified":"2025-09-04T22:06:55","modified_gmt":"2025-09-04T22:06:55","slug":"sistema-de-restauracion-protesico-de-un-solo-diente","status":"publish","type":"product","link":"https:\/\/yimamedical.com\/productos\/product\/sistema-de-restauracion-protesico-de-un-solo-diente\/","title":{"rendered":"Sistema de restauraci\u00f3n prot\u00e9sico de un solo diente"},"content":{"rendered":"<p><img decoding=\"async\" src=\"https:\/\/es.doublemedicalgp.com\/js\/htmledit\/kindeditor\/attached\/20211017\/20211017094000_66724.jpg\" \/><\/p>\n","protected":false},"excerpt":{"rendered":"<p>Para el sistema de restauraci\u00f3n prot\u00e9sica de un solo diente, tenemos el pilar de cicatrizaci\u00f3n, el tornillo de cierre, el pilar est\u00e9tico y el pilar provisional a presi\u00f3n<\/p>\n","protected":false},"featured_media":7020,"comment_status":"open","ping_status":"closed","template":"","meta":[],"product_brand":[],"product_cat":[86],"product_tag":[96],"class_list":{"0":"post-7019","1":"product","2":"type-product","3":"status-publish","4":"has-post-thumbnail","6":"product_cat-material-dental","7":"product_tag-sistema-de-restauracion-protesica","9":"first","10":"instock","11":"shipping-taxable","12":"product-type-simple"},"_links":{"self":[{"href":"https:\/\/yimamedical.com\/productos\/wp-json\/wp\/v2\/product\/7019","targetHints":{"allow":["GET"]}}],"collection":[{"href":"https:\/\/yimamedical.com\/productos\/wp-json\/wp\/v2\/product"}],"about":[{"href":"https:\/\/yimamedical.com\/productos\/wp-json\/wp\/v2\/types\/product"}],"replies":[{"embeddable":true,"href":"https:\/\/yimamedical.com\/productos\/wp-json\/wp\/v2\/comments?post=7019"}],"wp:featuredmedia":[{"embeddable":true,"href":"https:\/\/yimamedical.com\/productos\/wp-json\/wp\/v2\/media\/7020"}],"wp:attachment":[{"href":"https:\/\/yimamedical.com\/productos\/wp-json\/wp\/v2\/media?parent=7019"}],"wp:term":[{"taxonomy":"product_brand","embeddable":true,"href":"https:\/\/yimamedical.com\/productos\/wp-json\/wp\/v2\/product_brand?post=7019"},{"taxonomy":"product_cat","embeddable":true,"href":"https:\/\/yimamedical.com\/productos\/wp-json\/wp\/v2\/product_cat?post=7019"},{"taxonomy":"product_tag","embeddable":true,"href":"https:\/\/yimamedical.com\/productos\/wp-json\/wp\/v2\/product_tag?post=7019"}],"curies":[{"name":"wp","href":"https:\/\/api.w.org\/{rel}","templated":true}]}}