{"id":7021,"date":"2025-08-22T18:13:25","date_gmt":"2025-08-22T18:13:25","guid":{"rendered":"https:\/\/yimamedical.com\/productos\/?post_type=product&#038;p=7021"},"modified":"2025-09-04T22:06:03","modified_gmt":"2025-09-04T22:06:03","slug":"sistema-de-3-5-17-multi-pilar","status":"publish","type":"product","link":"https:\/\/yimamedical.com\/productos\/product\/sistema-de-3-5-17-multi-pilar\/","title":{"rendered":"Sistema de 3.5 17 \u00b0 Multi-Pilar"},"content":{"rendered":"<p><strong><u>Caracteristicas:<\/u><\/strong><\/p>\n<ul>\n<li>Todos &#8211; En &#8211; X Pilar<\/li>\n<li>Retenci\u00f3n de tornillos<\/li>\n<li>Carga de peso inmediata<\/li>\n<li>Ventajas biomec\u00e1nicas<\/li>\n<\/ul>\n<p><u><strong>Indicaci\u00f3n:<\/strong><\/u><\/p>\n<ul>\n<li>Edentulismo total<\/li>\n<li>Edentulismo parcial<\/li>\n<\/ul>\n","protected":false},"excerpt":{"rendered":"<p>Caracteristicas: Todos &#8211; En &#8211; X Pilar Retenci\u00f3n de tornillos Carga de peso inmediata Ventajas biomec\u00e1nicas Indicaci\u00f3n: Edentulismo total Edentulismo&#8230;<\/p>\n","protected":false},"featured_media":7022,"comment_status":"open","ping_status":"closed","template":"","meta":[],"product_brand":[],"product_cat":[86],"product_tag":[94],"class_list":{"0":"post-7021","1":"product","2":"type-product","3":"status-publish","4":"has-post-thumbnail","6":"product_cat-material-dental","7":"product_tag-dmr-implant-system","9":"first","10":"instock","11":"shipping-taxable","12":"product-type-simple"},"_links":{"self":[{"href":"https:\/\/yimamedical.com\/productos\/wp-json\/wp\/v2\/product\/7021","targetHints":{"allow":["GET"]}}],"collection":[{"href":"https:\/\/yimamedical.com\/productos\/wp-json\/wp\/v2\/product"}],"about":[{"href":"https:\/\/yimamedical.com\/productos\/wp-json\/wp\/v2\/types\/product"}],"replies":[{"embeddable":true,"href":"https:\/\/yimamedical.com\/productos\/wp-json\/wp\/v2\/comments?post=7021"}],"wp:featuredmedia":[{"embeddable":true,"href":"https:\/\/yimamedical.com\/productos\/wp-json\/wp\/v2\/media\/7022"}],"wp:attachment":[{"href":"https:\/\/yimamedical.com\/productos\/wp-json\/wp\/v2\/media?parent=7021"}],"wp:term":[{"taxonomy":"product_brand","embeddable":true,"href":"https:\/\/yimamedical.com\/productos\/wp-json\/wp\/v2\/product_brand?post=7021"},{"taxonomy":"product_cat","embeddable":true,"href":"https:\/\/yimamedical.com\/productos\/wp-json\/wp\/v2\/product_cat?post=7021"},{"taxonomy":"product_tag","embeddable":true,"href":"https:\/\/yimamedical.com\/productos\/wp-json\/wp\/v2\/product_tag?post=7021"}],"curies":[{"name":"wp","href":"https:\/\/api.w.org\/{rel}","templated":true}]}}