{"id":7028,"date":"2025-08-25T18:54:44","date_gmt":"2025-08-25T18:54:44","guid":{"rendered":"https:\/\/yimamedical.com\/productos\/?post_type=product&#038;p=7028"},"modified":"2025-09-04T22:03:02","modified_gmt":"2025-09-04T22:03:02","slug":"mini-pilar-de-cicatrizacion-dmr","status":"publish","type":"product","link":"https:\/\/yimamedical.com\/productos\/product\/mini-pilar-de-cicatrizacion-dmr\/","title":{"rendered":"Mini pilar de cicatrizaci\u00f3n DMR"},"content":{"rendered":"<p><img decoding=\"async\" src=\"https:\/\/es.doublemedicalgp.com\/js\/htmledit\/kindeditor\/attached\/20241206\/20241206145439_98218.jpg\" \/><\/p>\n","protected":false},"excerpt":{"rendered":"<p><strong>Material<\/strong>: Aleaci\u00f3n de titanio<\/p>\n<p><b>Especificaciones:<\/b><\/p>\n<p>Mini pilar de cicatrizaci\u00f3n DMR, \u00cf4,3\u00c33,0 mm<\/p>\n<p>Mini pilar de cicatrizaci\u00f3n DMR,\u00a0\u00cf4,3\u00d74,0 mm<\/p>\n<p>Mini pilar de cicatrizaci\u00f3n DMR,\u00a0\u00cf4,3\u00d75,0 mm<\/p>\n<p>Mini pilar de cicatrizaci\u00f3n DMR,\u00a0\u00cf4,3\u00d77,0 mm<\/p>\n<p>Mini pilar de cicatrizaci\u00f3n DMR,\u00a0\u00cf4,8\u00d73,0 mm<\/p>\n<p>Mini pilar de cicatrizaci\u00f3n DMR,\u00a0\u00cf4,8\u00d74,0 mm<\/p>\n<p>Mini pilar de cicatrizaci\u00f3n DMR,\u00a0\u00cf4,8\u00d75,0 mm<\/p>\n<p>Mini pilar de cicatrizaci\u00f3n DMR,\u00a0\u00cf4,8\u00d77,0 mm<\/p>\n<p>&nbsp;<\/p>\n","protected":false},"featured_media":7029,"comment_status":"open","ping_status":"closed","template":"","meta":[],"product_brand":[],"product_cat":[86],"product_tag":[94],"class_list":{"0":"post-7028","1":"product","2":"type-product","3":"status-publish","4":"has-post-thumbnail","6":"product_cat-material-dental","7":"product_tag-dmr-implant-system","9":"first","10":"instock","11":"shipping-taxable","12":"product-type-simple"},"_links":{"self":[{"href":"https:\/\/yimamedical.com\/productos\/wp-json\/wp\/v2\/product\/7028","targetHints":{"allow":["GET"]}}],"collection":[{"href":"https:\/\/yimamedical.com\/productos\/wp-json\/wp\/v2\/product"}],"about":[{"href":"https:\/\/yimamedical.com\/productos\/wp-json\/wp\/v2\/types\/product"}],"replies":[{"embeddable":true,"href":"https:\/\/yimamedical.com\/productos\/wp-json\/wp\/v2\/comments?post=7028"}],"wp:featuredmedia":[{"embeddable":true,"href":"https:\/\/yimamedical.com\/productos\/wp-json\/wp\/v2\/media\/7029"}],"wp:attachment":[{"href":"https:\/\/yimamedical.com\/productos\/wp-json\/wp\/v2\/media?parent=7028"}],"wp:term":[{"taxonomy":"product_brand","embeddable":true,"href":"https:\/\/yimamedical.com\/productos\/wp-json\/wp\/v2\/product_brand?post=7028"},{"taxonomy":"product_cat","embeddable":true,"href":"https:\/\/yimamedical.com\/productos\/wp-json\/wp\/v2\/product_cat?post=7028"},{"taxonomy":"product_tag","embeddable":true,"href":"https:\/\/yimamedical.com\/productos\/wp-json\/wp\/v2\/product_tag?post=7028"}],"curies":[{"name":"wp","href":"https:\/\/api.w.org\/{rel}","templated":true}]}}