{"id":7050,"date":"2025-09-01T21:40:22","date_gmt":"2025-09-01T21:40:22","guid":{"rendered":"https:\/\/yimamedical.com\/productos\/?post_type=product&#038;p=7050"},"modified":"2025-09-04T21:52:58","modified_gmt":"2025-09-04T21:52:58","slug":"pilar-de-cicatrizacion-dms","status":"publish","type":"product","link":"https:\/\/yimamedical.com\/productos\/product\/pilar-de-cicatrizacion-dms\/","title":{"rendered":"Pilar de cicatrizaci\u00f3n DMS"},"content":{"rendered":"<p><img decoding=\"async\" src=\"https:\/\/es.doublemedicalgp.com\/js\/htmledit\/kindeditor\/attached\/20241209\/20241209150820_35679.jpg\" \/><\/p>\n","protected":false},"excerpt":{"rendered":"<p><strong>Material<\/strong>: aleaci\u00f3n de titanio<\/p>\n<p><strong>Especificaciones<\/strong>:<\/p>\n<p>Pilar de cicatrizaci\u00f3n DMS, \u00cf4,1\u00c32,0 mm<\/p>\n<p>Pilar de cicatrizaci\u00f3n DMS, \u00cf4,1\u00d73,5 mm<\/p>\n<p>Pilar de cicatrizaci\u00f3n DMS, \u00cf4,1\u00d75,0 mm<\/p>\n<p>Pilar de cicatrizaci\u00f3n DMS, \u00cf4,1\u00d77,0 mm<\/p>\n<p>Pilar de cicatrizaci\u00f3n DMS, \u00cf4,5\u00d72,0 mm<\/p>\n<p>Pilar de cicatrizaci\u00f3n DMS, \u00cf4,5\u00d73,5 mm<\/p>\n<p>Pilar de cicatrizaci\u00f3n DMS, \u00cf4,5\u00d75,0 mm<\/p>\n<p>Pilar de cicatrizaci\u00f3n DMS, \u00cf4,5\u00d77,0 mm<\/p>\n<p>Pilar de cicatrizaci\u00f3n DMS, \u00cf5,5\u00d72,0 mm<\/p>\n<p>Pilar de cicatrizaci\u00f3n DMS, \u00cf5,5\u00d73,5 mm<\/p>\n<p>Pilar de cicatrizaci\u00f3n DMS, \u00cf5,5\u00d75,0 mm<\/p>\n<p>Pilar de cicatrizaci\u00f3n DMS, \u00cf5,5\u00d77,0 mm<\/p>\n","protected":false},"featured_media":7051,"comment_status":"open","ping_status":"closed","template":"","meta":[],"product_brand":[],"product_cat":[86],"product_tag":[95],"class_list":{"0":"post-7050","1":"product","2":"type-product","3":"status-publish","4":"has-post-thumbnail","6":"product_cat-material-dental","7":"product_tag-dms-implant-system","9":"first","10":"instock","11":"shipping-taxable","12":"product-type-simple"},"_links":{"self":[{"href":"https:\/\/yimamedical.com\/productos\/wp-json\/wp\/v2\/product\/7050","targetHints":{"allow":["GET"]}}],"collection":[{"href":"https:\/\/yimamedical.com\/productos\/wp-json\/wp\/v2\/product"}],"about":[{"href":"https:\/\/yimamedical.com\/productos\/wp-json\/wp\/v2\/types\/product"}],"replies":[{"embeddable":true,"href":"https:\/\/yimamedical.com\/productos\/wp-json\/wp\/v2\/comments?post=7050"}],"wp:featuredmedia":[{"embeddable":true,"href":"https:\/\/yimamedical.com\/productos\/wp-json\/wp\/v2\/media\/7051"}],"wp:attachment":[{"href":"https:\/\/yimamedical.com\/productos\/wp-json\/wp\/v2\/media?parent=7050"}],"wp:term":[{"taxonomy":"product_brand","embeddable":true,"href":"https:\/\/yimamedical.com\/productos\/wp-json\/wp\/v2\/product_brand?post=7050"},{"taxonomy":"product_cat","embeddable":true,"href":"https:\/\/yimamedical.com\/productos\/wp-json\/wp\/v2\/product_cat?post=7050"},{"taxonomy":"product_tag","embeddable":true,"href":"https:\/\/yimamedical.com\/productos\/wp-json\/wp\/v2\/product_tag?post=7050"}],"curies":[{"name":"wp","href":"https:\/\/api.w.org\/{rel}","templated":true}]}}