{"id":7062,"date":"2025-09-01T21:52:52","date_gmt":"2025-09-01T21:52:52","guid":{"rendered":"https:\/\/yimamedical.com\/productos\/?post_type=product&#038;p=7062"},"modified":"2025-09-04T21:40:30","modified_gmt":"2025-09-04T21:40:30","slug":"bandeja-abierta-para-cofia-de-impresion-regular-dmr-2","status":"publish","type":"product","link":"https:\/\/yimamedical.com\/productos\/product\/bandeja-abierta-para-cofia-de-impresion-regular-dmr-2\/","title":{"rendered":"Bandeja abierta para cofia de impresi\u00f3n regular DMR"},"content":{"rendered":"<p><img decoding=\"async\" src=\"https:\/\/es.doublemedicalgp.com\/js\/htmledit\/kindeditor\/attached\/20241209\/20241209162439_43645.jpg\" \/><\/p>\n","protected":false},"excerpt":{"rendered":"<p><strong>Material<\/strong>: aleaci\u00f3n de titanio<\/p>\n<p><strong>Especificaciones<\/strong>:<\/p>\n<p>Bandeja abierta para cofia de impresi\u00f3n regular DMR, \u00cf4,0\u00c314 mm<\/p>\n<p>Bandeja abierta para cofia de impresi\u00f3n regular DMR, \u00cf4,0\u00c318 mm<\/p>\n<p>Bandeja abierta para cofia de impresi\u00f3n regular DMR, \u00cf4,5\u00d714 mm<\/p>\n<p>Bandeja abierta para cofia de impresi\u00f3n regular DMR, \u00cf4,5\u00d718 mm<\/p>\n<p>Bandeja abierta para cofia de impresi\u00f3n regular DMR, \u00cf5,0\u00c314 mm<\/p>\n<p>Bandeja abierta para cofia de impresi\u00f3n regular DMR, \u00cf5,0\u00c318 mm<br \/>\nBandeja abierta para cofia de impresi\u00f3n regular DMR, \u00cf6,0\u00c314 mm<br \/>\nBandeja abierta para cofia de impresi\u00f3n regular DMR, \u00cf6,0\u00c318 mm<\/p>\n","protected":false},"featured_media":7063,"comment_status":"open","ping_status":"closed","template":"","meta":[],"product_brand":[],"product_cat":[86],"product_tag":[94],"class_list":{"0":"post-7062","1":"product","2":"type-product","3":"status-publish","4":"has-post-thumbnail","6":"product_cat-material-dental","7":"product_tag-dmr-implant-system","9":"first","10":"instock","11":"shipping-taxable","12":"product-type-simple"},"_links":{"self":[{"href":"https:\/\/yimamedical.com\/productos\/wp-json\/wp\/v2\/product\/7062","targetHints":{"allow":["GET"]}}],"collection":[{"href":"https:\/\/yimamedical.com\/productos\/wp-json\/wp\/v2\/product"}],"about":[{"href":"https:\/\/yimamedical.com\/productos\/wp-json\/wp\/v2\/types\/product"}],"replies":[{"embeddable":true,"href":"https:\/\/yimamedical.com\/productos\/wp-json\/wp\/v2\/comments?post=7062"}],"wp:featuredmedia":[{"embeddable":true,"href":"https:\/\/yimamedical.com\/productos\/wp-json\/wp\/v2\/media\/7063"}],"wp:attachment":[{"href":"https:\/\/yimamedical.com\/productos\/wp-json\/wp\/v2\/media?parent=7062"}],"wp:term":[{"taxonomy":"product_brand","embeddable":true,"href":"https:\/\/yimamedical.com\/productos\/wp-json\/wp\/v2\/product_brand?post=7062"},{"taxonomy":"product_cat","embeddable":true,"href":"https:\/\/yimamedical.com\/productos\/wp-json\/wp\/v2\/product_cat?post=7062"},{"taxonomy":"product_tag","embeddable":true,"href":"https:\/\/yimamedical.com\/productos\/wp-json\/wp\/v2\/product_tag?post=7062"}],"curies":[{"name":"wp","href":"https:\/\/api.w.org\/{rel}","templated":true}]}}