{"id":7070,"date":"2025-09-01T22:00:06","date_gmt":"2025-09-01T22:00:06","guid":{"rendered":"https:\/\/yimamedical.com\/productos\/?post_type=product&#038;p=7070"},"modified":"2025-09-04T21:20:25","modified_gmt":"2025-09-04T21:20:25","slug":"puente-de-implantes-de-titanio","status":"publish","type":"product","link":"https:\/\/yimamedical.com\/productos\/product\/puente-de-implantes-de-titanio\/","title":{"rendered":"Puente de implantes de titanio"},"content":{"rendered":"","protected":false},"excerpt":{"rendered":"<p><strong>Material<\/strong>: Aleaci\u00f3n de titanio (Ti-6Al-4V)<\/p>\n<p><strong>Caracter\u00edsticas<\/strong>:<\/p>\n<p>Con las caracter\u00edsticas de las pr\u00f3tesis fijas, capaces de restaurar la funci\u00f3n masticatoria similar a la de los dientes naturales, se mejora perfectamente la comodidad.<br \/>\nLas fuerzas oclusales se distribuyen a trav\u00e9s del implante hacia el tejido \u00f3seo circundante, reduciendo eficazmente la resorci\u00f3n del hueso alveolar.<\/p>\n","protected":false},"featured_media":7071,"comment_status":"open","ping_status":"closed","template":"","meta":[],"product_brand":[],"product_cat":[86],"product_tag":[93],"class_list":{"0":"post-7070","1":"product","2":"type-product","3":"status-publish","4":"has-post-thumbnail","6":"product_cat-material-dental","7":"product_tag-protesis-personalizadas","9":"first","10":"instock","11":"shipping-taxable","12":"product-type-simple"},"_links":{"self":[{"href":"https:\/\/yimamedical.com\/productos\/wp-json\/wp\/v2\/product\/7070","targetHints":{"allow":["GET"]}}],"collection":[{"href":"https:\/\/yimamedical.com\/productos\/wp-json\/wp\/v2\/product"}],"about":[{"href":"https:\/\/yimamedical.com\/productos\/wp-json\/wp\/v2\/types\/product"}],"replies":[{"embeddable":true,"href":"https:\/\/yimamedical.com\/productos\/wp-json\/wp\/v2\/comments?post=7070"}],"wp:featuredmedia":[{"embeddable":true,"href":"https:\/\/yimamedical.com\/productos\/wp-json\/wp\/v2\/media\/7071"}],"wp:attachment":[{"href":"https:\/\/yimamedical.com\/productos\/wp-json\/wp\/v2\/media?parent=7070"}],"wp:term":[{"taxonomy":"product_brand","embeddable":true,"href":"https:\/\/yimamedical.com\/productos\/wp-json\/wp\/v2\/product_brand?post=7070"},{"taxonomy":"product_cat","embeddable":true,"href":"https:\/\/yimamedical.com\/productos\/wp-json\/wp\/v2\/product_cat?post=7070"},{"taxonomy":"product_tag","embeddable":true,"href":"https:\/\/yimamedical.com\/productos\/wp-json\/wp\/v2\/product_tag?post=7070"}],"curies":[{"name":"wp","href":"https:\/\/api.w.org\/{rel}","templated":true}]}}