{"id":7074,"date":"2025-09-01T22:05:17","date_gmt":"2025-09-01T22:05:17","guid":{"rendered":"https:\/\/yimamedical.com\/productos\/?post_type=product&#038;p=7074"},"modified":"2025-09-04T21:18:00","modified_gmt":"2025-09-04T21:18:00","slug":"sistema-de-malla","status":"publish","type":"product","link":"https:\/\/yimamedical.com\/productos\/product\/sistema-de-malla\/","title":{"rendered":"Sistema de malla"},"content":{"rendered":"<p><img decoding=\"async\" src=\"https:\/\/es.doublemedicalgp.com\/js\/htmledit\/kindeditor\/attached\/20211017\/20211017143732_57294.jpg\" \/><\/p>\n<p><strong><u>Caracteristicas:<\/u><\/strong><\/p>\n<ul>\n<li>La malla de titanio 2d con alta resistencia no se deforma despu\u00e9s del modelado y protege completamente la seguridad de los pacientes<\/li>\n<li>La malla de titanio 3D con flexibilidad preferible es f\u00e1cil de modelar<\/li>\n<li>despu\u00e9s de la implantaci\u00f3n, los paramagn\u00e9ticos est\u00e1n bien , no influyen en CT\/MRI\/DSA<\/li>\n<\/ul>\n<p><strong><u>indicaci\u00f3n:<\/u><\/strong><\/p>\n<ul>\n<li>la malla de titanio 2D es adecuada para usar en partes como el hueso parietal, el hueso frontal, el hueso temporal, y el hueso occipital, que tienen requisitos de alta resistencia, requisitos de arco peque\u00f1o, y relativamente estructura sencilla.<\/li>\n<li>la malla de titanio 3D es aplicable a la reconstrucci\u00f3n de diferentes partes del cr\u00e1neo con un gran radi\u00e1n<\/li>\n<li>La malla de tipo rectangular con el grosor adecuado es aplicable para cubrir y reparar la tipsis del cr\u00e1neo y tambi\u00e9n para reconstruir la parte orbital basal.<\/li>\n<\/ul>\n","protected":false},"excerpt":{"rendered":"<p>La malla de titanio 2D tiene una alta resistencia,, un arco peque\u00f1o, y una estructura relativamente simple. La malla de titanio 3D es aplicable a la reconstrucci\u00f3n de diferentes partes del cr\u00e1neo con un gran radi\u00e1n. La malla de tipo rect\u00e1ngulo con el grosor adecuado es aplicable para cubrir y reparar la tipsis del cr\u00e1neo y tambi\u00e9n para reconstruir la parte basal de la \u00f3rbita.<\/p>\n","protected":false},"featured_media":7075,"comment_status":"open","ping_status":"closed","template":"","meta":[],"product_brand":[],"product_cat":[85],"product_tag":[91],"class_list":{"0":"post-7074","1":"product","2":"type-product","3":"status-publish","4":"has-post-thumbnail","6":"product_cat-cmf","7":"product_tag-sistema-craneal","9":"first","10":"instock","11":"shipping-taxable","12":"product-type-simple"},"_links":{"self":[{"href":"https:\/\/yimamedical.com\/productos\/wp-json\/wp\/v2\/product\/7074","targetHints":{"allow":["GET"]}}],"collection":[{"href":"https:\/\/yimamedical.com\/productos\/wp-json\/wp\/v2\/product"}],"about":[{"href":"https:\/\/yimamedical.com\/productos\/wp-json\/wp\/v2\/types\/product"}],"replies":[{"embeddable":true,"href":"https:\/\/yimamedical.com\/productos\/wp-json\/wp\/v2\/comments?post=7074"}],"wp:featuredmedia":[{"embeddable":true,"href":"https:\/\/yimamedical.com\/productos\/wp-json\/wp\/v2\/media\/7075"}],"wp:attachment":[{"href":"https:\/\/yimamedical.com\/productos\/wp-json\/wp\/v2\/media?parent=7074"}],"wp:term":[{"taxonomy":"product_brand","embeddable":true,"href":"https:\/\/yimamedical.com\/productos\/wp-json\/wp\/v2\/product_brand?post=7074"},{"taxonomy":"product_cat","embeddable":true,"href":"https:\/\/yimamedical.com\/productos\/wp-json\/wp\/v2\/product_cat?post=7074"},{"taxonomy":"product_tag","embeddable":true,"href":"https:\/\/yimamedical.com\/productos\/wp-json\/wp\/v2\/product_tag?post=7074"}],"curies":[{"name":"wp","href":"https:\/\/api.w.org\/{rel}","templated":true}]}}