{"id":7077,"date":"2025-09-01T22:08:32","date_gmt":"2025-09-01T22:08:32","guid":{"rendered":"https:\/\/yimamedical.com\/productos\/?post_type=product&#038;p=7077"},"modified":"2025-09-04T21:17:04","modified_gmt":"2025-09-04T21:17:04","slug":"implante-especifico-del-paciente-psi","status":"publish","type":"product","link":"https:\/\/yimamedical.com\/productos\/product\/implante-especifico-del-paciente-psi\/","title":{"rendered":"Implante espec\u00edfico del paciente &#8211; PSI"},"content":{"rendered":"<p>&nbsp;<\/p>\n<p><img decoding=\"async\" src=\"https:\/\/es.doublemedicalgp.com\/js\/htmledit\/kindeditor\/attached\/20211115\/20211115144946_92525.jpg\" \/><\/p>\n<p><img decoding=\"async\" src=\"https:\/\/es.doublemedicalgp.com\/js\/htmledit\/kindeditor\/attached\/20211115\/20211115145340_16659.jpg\" \/><\/p>\n","protected":false},"excerpt":{"rendered":"<div class=\"main\">\n<div class=\"field field--name-jnjmdc-hero-title field--type-text-long field--label-hidden field--itemtext-small\">\n<p>Los implantes espec\u00edficos del paciente se dise\u00f1an y fabrican de acuerdo con los datos de TC derivados del paciente,, lo que facilita la cirug\u00eda reconstructiva.<\/p>\n<\/div>\n<\/div>\n<div class=\"pro-table clearfix\"><\/div>\n<div class=\"mobile_inquiry clearfix\"><\/div>\n","protected":false},"featured_media":7078,"comment_status":"open","ping_status":"closed","template":"","meta":[],"product_brand":[],"product_cat":[85],"product_tag":[92],"class_list":{"0":"post-7077","1":"product","2":"type-product","3":"status-publish","4":"has-post-thumbnail","6":"product_cat-cmf","7":"product_tag-solucion-especifica-para-el-paciente","9":"first","10":"instock","11":"shipping-taxable","12":"product-type-simple"},"_links":{"self":[{"href":"https:\/\/yimamedical.com\/productos\/wp-json\/wp\/v2\/product\/7077","targetHints":{"allow":["GET"]}}],"collection":[{"href":"https:\/\/yimamedical.com\/productos\/wp-json\/wp\/v2\/product"}],"about":[{"href":"https:\/\/yimamedical.com\/productos\/wp-json\/wp\/v2\/types\/product"}],"replies":[{"embeddable":true,"href":"https:\/\/yimamedical.com\/productos\/wp-json\/wp\/v2\/comments?post=7077"}],"wp:featuredmedia":[{"embeddable":true,"href":"https:\/\/yimamedical.com\/productos\/wp-json\/wp\/v2\/media\/7078"}],"wp:attachment":[{"href":"https:\/\/yimamedical.com\/productos\/wp-json\/wp\/v2\/media?parent=7077"}],"wp:term":[{"taxonomy":"product_brand","embeddable":true,"href":"https:\/\/yimamedical.com\/productos\/wp-json\/wp\/v2\/product_brand?post=7077"},{"taxonomy":"product_cat","embeddable":true,"href":"https:\/\/yimamedical.com\/productos\/wp-json\/wp\/v2\/product_cat?post=7077"},{"taxonomy":"product_tag","embeddable":true,"href":"https:\/\/yimamedical.com\/productos\/wp-json\/wp\/v2\/product_tag?post=7077"}],"curies":[{"name":"wp","href":"https:\/\/api.w.org\/{rel}","templated":true}]}}