{"id":7079,"date":"2025-09-01T22:10:13","date_gmt":"2025-09-01T22:10:13","guid":{"rendered":"https:\/\/yimamedical.com\/productos\/?post_type=product&#038;p=7079"},"modified":"2025-09-04T21:15:51","modified_gmt":"2025-09-04T21:15:51","slug":"sistema-de-fijacion-craneal","status":"publish","type":"product","link":"https:\/\/yimamedical.com\/productos\/product\/sistema-de-fijacion-craneal\/","title":{"rendered":"Sistema de fijaci\u00f3n craneal"},"content":{"rendered":"<p><img decoding=\"async\" src=\"https:\/\/es.doublemedicalgp.com\/js\/htmledit\/kindeditor\/attached\/20241108\/20241108111513_86568.jpg\" alt=\"Cranio Fixation System\" \/><\/p>\n<p><strong><u>Caracter\u00edsticas<\/u><\/strong><\/p>\n<ul>\n<li>Perfil de placa baja de 0,4 mm (gris)\/0,6 mm (verde).<\/li>\n<li>Tornillos autoperforantes para el cierre r\u00e1pido de colgajos \u00f3seos y fijaci\u00f3n r\u00e1pida de fracturas craneales.<\/li>\n<li>La hoja del destornillador proporciona una retenci\u00f3n segura y confiable del tornillo\/hoja.<\/li>\n<\/ul>\n<p><strong><u>Nota:<\/u><\/strong><\/p>\n<ul>\n<li>El sistema de fijaci\u00f3n KALEIDO NEURO no es adecuado para pacientes con huesos inmaduros.<\/li>\n<\/ul>\n","protected":false},"excerpt":{"rendered":"<p>El sistema de fijaci\u00f3n Cranio incluye placas de perfil bajo de 0,4 mm (gris)\/0,6 mm (verde), tornillos autoperforantes y punta de destornillador.<\/p>\n","protected":false},"featured_media":7080,"comment_status":"open","ping_status":"closed","template":"","meta":[],"product_brand":[],"product_cat":[85],"product_tag":[91],"class_list":{"0":"post-7079","1":"product","2":"type-product","3":"status-publish","4":"has-post-thumbnail","6":"product_cat-cmf","7":"product_tag-sistema-craneal","9":"first","10":"instock","11":"shipping-taxable","12":"product-type-simple"},"_links":{"self":[{"href":"https:\/\/yimamedical.com\/productos\/wp-json\/wp\/v2\/product\/7079","targetHints":{"allow":["GET"]}}],"collection":[{"href":"https:\/\/yimamedical.com\/productos\/wp-json\/wp\/v2\/product"}],"about":[{"href":"https:\/\/yimamedical.com\/productos\/wp-json\/wp\/v2\/types\/product"}],"replies":[{"embeddable":true,"href":"https:\/\/yimamedical.com\/productos\/wp-json\/wp\/v2\/comments?post=7079"}],"wp:featuredmedia":[{"embeddable":true,"href":"https:\/\/yimamedical.com\/productos\/wp-json\/wp\/v2\/media\/7080"}],"wp:attachment":[{"href":"https:\/\/yimamedical.com\/productos\/wp-json\/wp\/v2\/media?parent=7079"}],"wp:term":[{"taxonomy":"product_brand","embeddable":true,"href":"https:\/\/yimamedical.com\/productos\/wp-json\/wp\/v2\/product_brand?post=7079"},{"taxonomy":"product_cat","embeddable":true,"href":"https:\/\/yimamedical.com\/productos\/wp-json\/wp\/v2\/product_cat?post=7079"},{"taxonomy":"product_tag","embeddable":true,"href":"https:\/\/yimamedical.com\/productos\/wp-json\/wp\/v2\/product_tag?post=7079"}],"curies":[{"name":"wp","href":"https:\/\/api.w.org\/{rel}","templated":true}]}}