{"id":7081,"date":"2025-09-01T22:12:37","date_gmt":"2025-09-01T22:12:37","guid":{"rendered":"https:\/\/yimamedical.com\/productos\/?post_type=product&#038;p=7081"},"modified":"2025-09-04T21:14:37","modified_gmt":"2025-09-04T21:14:37","slug":"sistema-de-placas-kaleido-midface","status":"publish","type":"product","link":"https:\/\/yimamedical.com\/productos\/product\/sistema-de-placas-kaleido-midface\/","title":{"rendered":"Sistema de placas kaleido midface"},"content":{"rendered":"<p><img decoding=\"async\" src=\"https:\/\/es.doublemedicalgp.com\/js\/htmledit\/kindeditor\/attached\/20211017\/20211017153310_54081.jpg\" alt=\"\" \/><\/p>\n<p>Caracteristicas:<\/p>\n<p>&nbsp;<\/p>\n<ul>\n<li>todos los tornillos funcionan con un destornillador<\/li>\n<li>todas las placas funcionan con un di\u00e1metro de tornillo<\/li>\n<li>dise\u00f1os generales de bajo perfil<\/li>\n<li>un sistema para cumplir con todas las indicaciones de trauma del tercio medio facial<\/li>\n<li>las placas est\u00e1n hechas de aleaci\u00f3n de titanio<\/li>\n<li>placa de diferentes colores es diferente thichnessnes<\/li>\n<li>los tornillos midface est\u00e1n hechos de aleaci\u00f3n de titanio<\/li>\n<li>la longitud del tornillo es de 4-12 mm<\/li>\n<li>el nuevo rebaje cruciforme de tornillos est\u00e1 dise\u00f1ado para una mejor auto-retenci\u00f3n y anti-aflojamiento<\/li>\n<li>selecci\u00f3n completa de placas para fracturas de varios tipos y una variedad de otros traumatismos craneofaciales<\/li>\n<\/ul>\n<p>indicaciones:<\/p>\n<p>&nbsp;<\/p>\n<ul>\n<li>el sistema de placas de la regi\u00f3n media del rostro est\u00e1 dise\u00f1ado para su uso en traumatismos selectivos de la parte media de la cara y cirug\u00eda craneofacial; procedimientos reconstructivos y cirug\u00eda ortogn\u00e1tica selectiva del maxilar y el ment\u00f3n.<\/li>\n<\/ul>\n","protected":false},"excerpt":{"rendered":"<p>El sistema de placas Kaleido Midface incluye microplacas, placas medianas, miniplacas, y placas grandes. las microplacas son para la regi\u00f3n nasal, orbital y frontal. las placas medianas son para la nariz, cigoma orbital, y regi\u00f3n maxilar. las miniplacas son para nasal, cigoma orbital, frontal, y regi\u00f3n maxilar. las placas grandes son para la regi\u00f3n central y lateral del tercio medio facial y cigom\u00e1tico<\/p>\n","protected":false},"featured_media":7082,"comment_status":"open","ping_status":"closed","template":"","meta":[],"product_brand":[],"product_cat":[85],"product_tag":[90],"class_list":{"0":"post-7081","1":"product","2":"type-product","3":"status-publish","4":"has-post-thumbnail","6":"product_cat-cmf","7":"product_tag-sistema-maxilofacial","9":"first","10":"instock","11":"shipping-taxable","12":"product-type-simple"},"_links":{"self":[{"href":"https:\/\/yimamedical.com\/productos\/wp-json\/wp\/v2\/product\/7081","targetHints":{"allow":["GET"]}}],"collection":[{"href":"https:\/\/yimamedical.com\/productos\/wp-json\/wp\/v2\/product"}],"about":[{"href":"https:\/\/yimamedical.com\/productos\/wp-json\/wp\/v2\/types\/product"}],"replies":[{"embeddable":true,"href":"https:\/\/yimamedical.com\/productos\/wp-json\/wp\/v2\/comments?post=7081"}],"wp:featuredmedia":[{"embeddable":true,"href":"https:\/\/yimamedical.com\/productos\/wp-json\/wp\/v2\/media\/7082"}],"wp:attachment":[{"href":"https:\/\/yimamedical.com\/productos\/wp-json\/wp\/v2\/media?parent=7081"}],"wp:term":[{"taxonomy":"product_brand","embeddable":true,"href":"https:\/\/yimamedical.com\/productos\/wp-json\/wp\/v2\/product_brand?post=7081"},{"taxonomy":"product_cat","embeddable":true,"href":"https:\/\/yimamedical.com\/productos\/wp-json\/wp\/v2\/product_cat?post=7081"},{"taxonomy":"product_tag","embeddable":true,"href":"https:\/\/yimamedical.com\/productos\/wp-json\/wp\/v2\/product_tag?post=7081"}],"curies":[{"name":"wp","href":"https:\/\/api.w.org\/{rel}","templated":true}]}}