{"id":7083,"date":"2025-09-01T22:15:41","date_gmt":"2025-09-01T22:15:41","guid":{"rendered":"https:\/\/yimamedical.com\/productos\/?post_type=product&#038;p=7083"},"modified":"2025-09-04T21:13:35","modified_gmt":"2025-09-04T21:13:35","slug":"sistema-de-placas-para-mandibula-kaleido","status":"publish","type":"product","link":"https:\/\/yimamedical.com\/productos\/product\/sistema-de-placas-para-mandibula-kaleido\/","title":{"rendered":"Sistema de placas para mand\u00edbula kaleido"},"content":{"rendered":"<p><img decoding=\"async\" src=\"https:\/\/es.doublemedicalgp.com\/js\/htmledit\/kindeditor\/attached\/20211017\/20211017151258_19442.jpg\" alt=\"\" \/><\/p>\n<p><strong><u>Caracteristicas:<\/u><\/strong><\/p>\n<p>&nbsp;<\/p>\n<ul>\n<li>los instrumentos y placas marcados con diferentes colores facilitan la elecci\u00f3n<\/li>\n<li>todas las placas son placas de bloqueo con amplias indicaciones, que tambi\u00e9n proporcionan formas de fijaci\u00f3n tanto de bloqueo como de no bloqueo.<\/li>\n<li>la colocaci\u00f3n gratuita proporciona un esquema factible para la mejor combinaci\u00f3n<\/li>\n<\/ul>\n<p><strong><u>plato:<\/u><\/strong><\/p>\n<p>&nbsp;<\/p>\n<ul>\n<li>tecnolog\u00eda de bloqueo c\u00f3nico para una seguridad fiable del tornillo a la placa<\/li>\n<li>hecho de titanio puro<\/li>\n<li>m\u00faltiples espesores para adaptarse a una variedad de necesidades<\/li>\n<li>perfiles y cantos de chapa redondeada<\/li>\n<li>Los dise\u00f1os mejorados de \u00abplacas angulares\u00bb reducen la tensi\u00f3n en \u00e1reas cr\u00edticas<\/li>\n<li>las placas de reconstrucci\u00f3n ofrecen una resistencia a la fatiga significativamente mejorada en comparaci\u00f3n con los dise\u00f1os de placas anteriores<\/li>\n<li>placas de reconstrucci\u00f3n m\u00e1s grandes disponibles para puenteo de defectos<\/li>\n<li>placa L<\/li>\n<li>placa de reconstrucci\u00f3n de \u00e1ngulo (2.0 mm y 2.5 mm)<\/li>\n<\/ul>\n<p><strong><u>Placa de compresi\u00f3n din\u00e1mica multitipo:<\/u><\/strong><\/p>\n<p>&nbsp;<\/p>\n<ul>\n<li>cierre<\/li>\n<li>compresi\u00f3n (fijado por tornillo sin bloqueo)<\/li>\n<\/ul>\n<p><strong><u>empulgueras:<\/u><\/strong><\/p>\n<p>&nbsp;<\/p>\n<ul>\n<li>hecho de aleaci\u00f3n de titanio<\/li>\n<li>nuevos dise\u00f1os de rebajes cruciformes para una mejor compra, torque y anti-aflojamiento<\/li>\n<li>el di\u00e1metro de los tornillos es respectivamente 2.0, 2.4, 2.7 y 2.9 mm. todos los huecos son cruciformes, autosujetantes<\/li>\n<\/ul>\n<p><strong><u>indicaciones:<\/u><\/strong><\/p>\n<p>&nbsp;<\/p>\n<ul>\n<li>la reconstrucci\u00f3n del trauma de la mand\u00edbula<\/li>\n<li>tratamiento de cirug\u00eda ortogn\u00e1tica.<\/li>\n<\/ul>\n","protected":false},"excerpt":{"rendered":"<p>El sistema de placas para mand\u00edbula kaleido tiene una placa de compresi\u00f3n din\u00e1mica de varios tipos: bloqueo y compresi\u00f3n. Se utiliza para la reconstrucci\u00f3n de traumatismos de la mand\u00edbula y el tratamiento de cirug\u00eda ortogn\u00e1tica.<\/p>\n","protected":false},"featured_media":7084,"comment_status":"open","ping_status":"closed","template":"","meta":[],"product_brand":[],"product_cat":[85],"product_tag":[90],"class_list":{"0":"post-7083","1":"product","2":"type-product","3":"status-publish","4":"has-post-thumbnail","6":"product_cat-cmf","7":"product_tag-sistema-maxilofacial","9":"first","10":"instock","11":"shipping-taxable","12":"product-type-simple"},"_links":{"self":[{"href":"https:\/\/yimamedical.com\/productos\/wp-json\/wp\/v2\/product\/7083","targetHints":{"allow":["GET"]}}],"collection":[{"href":"https:\/\/yimamedical.com\/productos\/wp-json\/wp\/v2\/product"}],"about":[{"href":"https:\/\/yimamedical.com\/productos\/wp-json\/wp\/v2\/types\/product"}],"replies":[{"embeddable":true,"href":"https:\/\/yimamedical.com\/productos\/wp-json\/wp\/v2\/comments?post=7083"}],"wp:featuredmedia":[{"embeddable":true,"href":"https:\/\/yimamedical.com\/productos\/wp-json\/wp\/v2\/media\/7084"}],"wp:attachment":[{"href":"https:\/\/yimamedical.com\/productos\/wp-json\/wp\/v2\/media?parent=7083"}],"wp:term":[{"taxonomy":"product_brand","embeddable":true,"href":"https:\/\/yimamedical.com\/productos\/wp-json\/wp\/v2\/product_brand?post=7083"},{"taxonomy":"product_cat","embeddable":true,"href":"https:\/\/yimamedical.com\/productos\/wp-json\/wp\/v2\/product_cat?post=7083"},{"taxonomy":"product_tag","embeddable":true,"href":"https:\/\/yimamedical.com\/productos\/wp-json\/wp\/v2\/product_tag?post=7083"}],"curies":[{"name":"wp","href":"https:\/\/api.w.org\/{rel}","templated":true}]}}