{"id":7087,"date":"2025-09-01T22:20:27","date_gmt":"2025-09-01T22:20:27","guid":{"rendered":"https:\/\/yimamedical.com\/productos\/?post_type=product&#038;p=7087"},"modified":"2025-09-04T21:05:59","modified_gmt":"2025-09-04T21:05:59","slug":"tornillo-de-fijacion-intermaxilar-imf","status":"publish","type":"product","link":"https:\/\/yimamedical.com\/productos\/product\/tornillo-de-fijacion-intermaxilar-imf\/","title":{"rendered":"Tornillo de fijaci\u00f3n intermaxilar (IMF)"},"content":{"rendered":"<p><img decoding=\"async\" title=\"Intermaxillary Fixation (IMF) Screw\" src=\"https:\/\/es.doublemedicalgp.com\/js\/htmledit\/kindeditor\/attached\/20241108\/20241108154705_57558.jpg\" alt=\"Intermaxillary Fixation (IMF) Screw\" width=\"\" height=\"\" align=\"\" \/><\/p>\n<p><strong><u>Caracter\u00edsticas\u00ef\u00bc<\/u><\/strong><\/p>\n<ul>\n<li>Dise\u00f1o de perfil bajo<\/li>\n<li>Dise\u00f1o de orificio de ligadura para facilitar el uso del alambre de ortodoncia<\/li>\n<li>3 cabezas de tornillo diferentes que ofrecen flexibilidad<\/li>\n<li>Dise\u00f1o de hilo asim\u00e9trico para mejorar la estabilidad postoperatoria.<\/li>\n<li>Dise\u00f1o autoperforante y autorroscante para una f\u00e1cil inserci\u00f3n<\/li>\n<\/ul>\n","protected":false},"excerpt":{"rendered":"<p>El tornillo de fijaci\u00f3n intermaxilar (IMF) tiene tres opciones de 1,6 mm\/1,8 mm\/2,0 mm, que son 3 cabezas de tornillo diferentes para mayor flexibilidad.<\/p>\n","protected":false},"featured_media":7088,"comment_status":"open","ping_status":"closed","template":"","meta":[],"product_brand":[],"product_cat":[85],"product_tag":[90],"class_list":{"0":"post-7087","1":"product","2":"type-product","3":"status-publish","4":"has-post-thumbnail","6":"product_cat-cmf","7":"product_tag-sistema-maxilofacial","9":"first","10":"instock","11":"shipping-taxable","12":"product-type-simple"},"_links":{"self":[{"href":"https:\/\/yimamedical.com\/productos\/wp-json\/wp\/v2\/product\/7087","targetHints":{"allow":["GET"]}}],"collection":[{"href":"https:\/\/yimamedical.com\/productos\/wp-json\/wp\/v2\/product"}],"about":[{"href":"https:\/\/yimamedical.com\/productos\/wp-json\/wp\/v2\/types\/product"}],"replies":[{"embeddable":true,"href":"https:\/\/yimamedical.com\/productos\/wp-json\/wp\/v2\/comments?post=7087"}],"wp:featuredmedia":[{"embeddable":true,"href":"https:\/\/yimamedical.com\/productos\/wp-json\/wp\/v2\/media\/7088"}],"wp:attachment":[{"href":"https:\/\/yimamedical.com\/productos\/wp-json\/wp\/v2\/media?parent=7087"}],"wp:term":[{"taxonomy":"product_brand","embeddable":true,"href":"https:\/\/yimamedical.com\/productos\/wp-json\/wp\/v2\/product_brand?post=7087"},{"taxonomy":"product_cat","embeddable":true,"href":"https:\/\/yimamedical.com\/productos\/wp-json\/wp\/v2\/product_cat?post=7087"},{"taxonomy":"product_tag","embeddable":true,"href":"https:\/\/yimamedical.com\/productos\/wp-json\/wp\/v2\/product_tag?post=7087"}],"curies":[{"name":"wp","href":"https:\/\/api.w.org\/{rel}","templated":true}]}}