{"id":7091,"date":"2025-09-01T22:23:47","date_gmt":"2025-09-01T22:23:47","guid":{"rendered":"https:\/\/yimamedical.com\/productos\/?post_type=product&#038;p=7091"},"modified":"2025-09-04T20:57:00","modified_gmt":"2025-09-04T20:57:00","slug":"sistema-de-fijacion-esternal","status":"publish","type":"product","link":"https:\/\/yimamedical.com\/productos\/product\/sistema-de-fijacion-esternal\/","title":{"rendered":"Sistema de fijaci\u00f3n esternal"},"content":{"rendered":"<p><img decoding=\"async\" title=\"Sternal Fixation System\" src=\"https:\/\/es.doublemedicalgp.com\/js\/htmledit\/kindeditor\/attached\/20241108\/20241108160241_80852.jpg\" alt=\"Sternal Fixation System\" width=\"\" height=\"\" align=\"\" \/><\/p>\n<p><strong><u>Caracter\u00edsticas:<\/u><\/strong><\/p>\n<ul>\n<li>Ingrese al cofre de manera r\u00e1pida y segura en situaciones de emergencia.<\/li>\n<li>Facilitar la operaci\u00f3n secundaria para el cierre.<\/li>\n<li>Instrumento de extracci\u00f3n especializado, operaci\u00f3n f\u00e1cil y r\u00e1pida.<\/li>\n<\/ul>\n<p><strong><u>Tornillo de bloqueo esternal de 3,0 mm:<\/u><\/strong><\/p>\n<ul>\n<li>Hecho de aleaci\u00f3n de titanio para suficiente resistencia.<\/li>\n<li>Dise\u00f1o en forma de cruz de tuerca de tornillo para una mejor fuerza de agarre y torsi\u00f3n al tiempo que reduce la posibilidad de aflojamiento y ca\u00edda.<\/li>\n<li>Proporcione un tornillo de bloqueo esternal de 3,0 mm para opciones quir\u00fargicas.<\/li>\n<\/ul>\n<p><strong><u>Placas de bloqueo esternal:<\/u><\/strong><\/p>\n<ul>\n<li>Las diferentes formas de la placa de bloqueo se corresponden con la anatom\u00eda del estern\u00f3n.<\/li>\n<li>Placa de bloqueo en forma de H y placa de bloqueo en estrella para<\/li>\n<li>Fijaci\u00f3n del manubrio<\/li>\n<li>Placa de bloqueo recta para fijaci\u00f3n costilla-costilla<\/li>\n<\/ul>\n<p><u><\/u><strong><u>Indicaciones:<\/u><\/strong><\/p>\n<ul>\n<li>Primera y segunda etapa de cierre del estern\u00f3n o reparaci\u00f3n del estern\u00f3n por fractura de estern\u00f3n o posesternotom\u00eda para estabilizar el estern\u00f3n y promover la uni\u00f3n.<\/li>\n<\/ul>\n","protected":false},"excerpt":{"rendered":"<p>El sistema de fijaci\u00f3n esternal incluye varios tama\u00f1os de placa de bloqueo esternal H, placa de bloqueo esternal en estrella, placa de bloqueo esternal recta y tornillo de bloqueo esternal de 3,0 mm.<\/p>\n","protected":false},"featured_media":7092,"comment_status":"open","ping_status":"closed","template":"","meta":[],"product_brand":[],"product_cat":[85],"product_tag":[89],"class_list":{"0":"post-7091","1":"product","2":"type-product","3":"status-publish","4":"has-post-thumbnail","6":"product_cat-cmf","7":"product_tag-sistema-de-torax","9":"first","10":"instock","11":"shipping-taxable","12":"product-type-simple"},"_links":{"self":[{"href":"https:\/\/yimamedical.com\/productos\/wp-json\/wp\/v2\/product\/7091","targetHints":{"allow":["GET"]}}],"collection":[{"href":"https:\/\/yimamedical.com\/productos\/wp-json\/wp\/v2\/product"}],"about":[{"href":"https:\/\/yimamedical.com\/productos\/wp-json\/wp\/v2\/types\/product"}],"replies":[{"embeddable":true,"href":"https:\/\/yimamedical.com\/productos\/wp-json\/wp\/v2\/comments?post=7091"}],"wp:featuredmedia":[{"embeddable":true,"href":"https:\/\/yimamedical.com\/productos\/wp-json\/wp\/v2\/media\/7092"}],"wp:attachment":[{"href":"https:\/\/yimamedical.com\/productos\/wp-json\/wp\/v2\/media?parent=7091"}],"wp:term":[{"taxonomy":"product_brand","embeddable":true,"href":"https:\/\/yimamedical.com\/productos\/wp-json\/wp\/v2\/product_brand?post=7091"},{"taxonomy":"product_cat","embeddable":true,"href":"https:\/\/yimamedical.com\/productos\/wp-json\/wp\/v2\/product_cat?post=7091"},{"taxonomy":"product_tag","embeddable":true,"href":"https:\/\/yimamedical.com\/productos\/wp-json\/wp\/v2\/product_tag?post=7091"}],"curies":[{"name":"wp","href":"https:\/\/api.w.org\/{rel}","templated":true}]}}